{"id":19,"date":"2024-07-22T14:47:42","date_gmt":"2024-07-22T12:47:42","guid":{"rendered":"https:\/\/epicpowerlifts.com\/?page_id=19"},"modified":"2025-07-25T10:23:41","modified_gmt":"2025-07-25T08:23:41","slug":"contacto","status":"publish","type":"page","link":"https:\/\/epicpowerlifts.com\/es\/contacto\/","title":{"rendered":"Contacto"},"content":{"rendered":"\n<div class=\"wp-block-group has-global-padding is-content-justification-left is-layout-constrained wp-container-core-group-is-layout-5b3d42a2 wp-block-group-is-layout-constrained\">\n<h2 class=\"wp-block-heading\">Estamos aqu\u00ed para ayudarte<\/h2>\n\n\n\n<p><strong>Si desea contactar con nosotros, rellene el formulario adjunto con sus comentarios, o bien d\u00e9jenos sus datos de contacto y nosotros le llamaremos.<\/strong><\/p>\n<\/div>\n\n\n\n<div style=\"height:40px\" aria-hidden=\"true\" class=\"wp-block-spacer\"><\/div>\n\n\n\n<div class=\"wp-block-columns is-layout-flex wp-container-core-columns-is-layout-8eafb21d wp-block-columns-is-layout-flex\" style=\"margin-top:0px\">\n<div class=\"wp-block-column has-neutral-60-background-color has-background is-layout-flow wp-block-column-is-layout-flow\" style=\"padding-top:var(--wp--preset--spacing--30);padding-right:var(--wp--preset--spacing--20);padding-bottom:var(--wp--preset--spacing--30);padding-left:var(--wp--preset--spacing--20)\"><div class=\"wp-block-safe-svg-svg-icon safe-svg-cover wp-elements-68a8d2b48192d8fcc6e13525552fac30\" style=\"text-align: left;\">\n\t\t\t\t<div class=\"safe-svg-inside safe-svg-inline wp-elements-68a8d2b48192d8fcc6e13525552fac30\" style=\"width: 32px; height: 32px; background-color: var(--wp--preset--color--); color: var(--wp--preset--color--primary-80); padding-top: ; padding-right: ; padding-bottom: ; padding-left: ; margin-top: ; margin-right: ; margin-bottom: ; margin-left: ;\"><?xml version=\"1.0\" encoding=\"UTF-8\"?> <svg xmlns=\"http:\/\/www.w3.org\/2000\/svg\" width=\"24\" height=\"24\" viewBox=\"0 0 24 24\" fill=\"none\"><path fill-rule=\"evenodd\" clip-rule=\"evenodd\" d=\"M12 2C8.13 2 5 5.13 5 9C5 14.25 12 22 12 22C12 22 19 14.25 19 9C19 5.13 15.87 2 12 2ZM7 9C7 6.24 9.24 4 12 4C14.76 4 17 6.24 17 9C17 11.88 14.12 16.19 12 18.88C9.92 16.21 7 11.85 7 9ZM9.5 9C9.5 7.61929 10.6193 6.5 12 6.5C12.8932 6.5 13.7185 6.9765 14.1651 7.75C14.6116 8.5235 14.6116 9.4765 14.1651 10.25C13.7185 11.0235 12.8932 11.5 12 11.5C10.6193 11.5 9.5 10.3807 9.5 9Z\" fill=\"currentColor\"><\/path><\/svg> <\/div>\n\t\t\t<\/div>\n\n\n<div style=\"height:40px\" aria-hidden=\"true\" class=\"wp-block-spacer\"><\/div>\n\n\n\n<p class=\"has-heading-4-font-size\">Epic Power<\/p>\n\n\n\n<p><strong>Direcci\u00f3n de la oficina central<\/strong><\/p>\n\n\n\n<p>Calle F Oeste, grupo G. Quejido, nave 93 Pol\u00edgono Malpica \u2013 50016 Zaragoza (Spain)<\/p>\n<\/div>\n\n\n\n<div class=\"wp-block-column has-neutral-30-background-color has-background is-layout-flow wp-block-column-is-layout-flow\" style=\"padding-top:var(--wp--preset--spacing--30);padding-right:var(--wp--preset--spacing--20);padding-bottom:var(--wp--preset--spacing--30);padding-left:var(--wp--preset--spacing--20)\"><div class=\"wp-block-safe-svg-svg-icon safe-svg-cover wp-elements-d9b872e201440a41ee334886f7dd9a29\" style=\"text-align: left;\">\n\t\t\t\t<div class=\"safe-svg-inside safe-svg-inline wp-elements-d9b872e201440a41ee334886f7dd9a29\" style=\"width: 32px; height: 32px; background-color: var(--wp--preset--color--); color: var(--wp--preset--color--primary-80); padding-top: ; padding-right: ; padding-bottom: ; padding-left: ; margin-top: ; margin-right: ; margin-bottom: ; margin-left: ;\"><?xml version=\"1.0\" encoding=\"UTF-8\"?> <svg xmlns=\"http:\/\/www.w3.org\/2000\/svg\" width=\"24\" height=\"24\" viewBox=\"0 0 24 24\" fill=\"none\"><path d=\"M22 16.9201V19.9201C22.0011 20.1986 21.9441 20.4743 21.8325 20.7294C21.7209 20.9846 21.5573 21.2137 21.3521 21.402C21.1468 21.5902 20.9046 21.7336 20.6407 21.8228C20.3769 21.912 20.0974 21.9452 19.82 21.9201C16.7428 21.5857 13.787 20.5342 11.19 18.8501C8.77382 17.3148 6.72533 15.2663 5.18999 12.8501C3.49997 10.2413 2.44824 7.27109 2.11999 4.1801C2.095 3.90356 2.12787 3.62486 2.21649 3.36172C2.30512 3.09859 2.44756 2.85679 2.63476 2.65172C2.82196 2.44665 3.0498 2.28281 3.30379 2.17062C3.55777 2.05843 3.83233 2.00036 4.10999 2.0001H7.10999C7.5953 1.99532 8.06579 2.16718 8.43376 2.48363C8.80173 2.80008 9.04207 3.23954 9.10999 3.7201C9.23662 4.68016 9.47144 5.62282 9.80999 6.5301C9.94454 6.88802 9.97366 7.27701 9.8939 7.65098C9.81415 8.02494 9.62886 8.36821 9.35999 8.6401L8.08999 9.9101C9.51355 12.4136 11.5864 14.4865 14.09 15.9101L15.36 14.6401C15.6319 14.3712 15.9751 14.1859 16.3491 14.1062C16.7231 14.0264 17.1121 14.0556 17.47 14.1901C18.3773 14.5286 19.3199 14.7635 20.28 14.8901C20.7658 14.9586 21.2094 15.2033 21.5265 15.5776C21.8437 15.9519 22.0122 16.4297 22 16.9201Z\" stroke=\"currentColor\" stroke-width=\"1.5\" stroke-linecap=\"round\" stroke-linejoin=\"round\"><\/path><\/svg> <\/div>\n\t\t\t<\/div>\n\n\n<div style=\"height:40px\" aria-hidden=\"true\" class=\"wp-block-spacer\"><\/div>\n\n\n\n<p class=\"has-heading-font-font-family has-heading-4-font-size\">Tel\u00e9fono<\/p>\n\n\n\n<p><strong>Ll\u00e1manos. El horario de atenci\u00f3n es de lunes a viernes de 8:00 a 14:00h.<\/strong><\/p>\n\n\n\n<p><a href=\"tel:+34976249580\" target=\"_blank\" rel=\"noreferrer noopener\">+34 976 24 95 80<\/a><\/p>\n<\/div>\n\n\n\n<div class=\"wp-block-column has-neutral-10-background-color has-background is-layout-flow wp-block-column-is-layout-flow\" style=\"padding-top:var(--wp--preset--spacing--30);padding-right:var(--wp--preset--spacing--20);padding-bottom:var(--wp--preset--spacing--30);padding-left:var(--wp--preset--spacing--20)\"><div class=\"wp-block-safe-svg-svg-icon safe-svg-cover wp-elements-b54086f28e7e8f7ad133c0955283aeb1\" style=\"text-align: left;\">\n\t\t\t\t<div class=\"safe-svg-inside safe-svg-inline wp-elements-b54086f28e7e8f7ad133c0955283aeb1\" style=\"width: 32px; height: 32px; background-color: var(--wp--preset--color--); color: var(--wp--preset--color--primary-80); padding-top: ; padding-right: ; padding-bottom: ; padding-left: ; margin-top: ; margin-right: ; margin-bottom: ; margin-left: ;\"><?xml version=\"1.0\" encoding=\"UTF-8\"?> <svg xmlns=\"http:\/\/www.w3.org\/2000\/svg\" width=\"24\" height=\"24\" viewBox=\"0 0 24 24\" fill=\"none\"><path d=\"M21 3H3V21L7.81473 17.4H21V3Z\" stroke=\"currentColor\" stroke-width=\"1.5\"><\/path><\/svg> <\/div>\n\t\t\t<\/div>\n\n\n<div style=\"height:40px\" aria-hidden=\"true\" class=\"wp-block-spacer\"><\/div>\n\n\n\n<p class=\"has-heading-4-font-size\">Email<\/p>\n\n\n\n<p><strong>Si lo prefieres, puedes escribirnos un email a esta direcci\u00f3n<\/strong><\/p>\n\n\n\n<p>&nbsp;<a href=\"mailto:info@epicpower.es\" data-type=\"mailto\" data-id=\"mailto:hola@grupoloira.com\">info@epicpower.es<\/a>&nbsp;<\/p>\n<\/div>\n<\/div>\n\n\n\n<div style=\"height:40px\" aria-hidden=\"true\" class=\"wp-block-spacer\"><\/div>\n\n\n\n<div class=\"wp-block-group alignfull has-neutral-10-background-color has-background has-global-padding is-layout-constrained wp-block-group-is-layout-constrained\" style=\"margin-top:0;margin-bottom:0;padding-top:var(--wp--preset--spacing--60);padding-bottom:var(--wp--preset--spacing--60)\">\n<div class=\"wp-block-group has-global-padding is-layout-constrained wp-container-core-group-is-layout-c19476fc wp-block-group-is-layout-constrained\">\n<div class=\"wp-block-columns are-vertically-aligned-top is-layout-flex wp-container-core-columns-is-layout-28f84493 wp-block-columns-is-layout-flex\">\n<div class=\"wp-block-column is-vertically-aligned-top is-layout-flow wp-block-column-is-layout-flow\">\n<p class=\"has-primary-color has-text-color has-link-color has-small-font-size wp-elements-14e6f41f222bf7ab8faeb59e7306dc6c\" style=\"text-transform:uppercase\">Contacto<\/p>\n\n\n\n<h2 class=\"wp-block-heading\">\u00bfNecesitas ayuda? <mark style=\"background-color:rgba(0, 0, 0, 0)\" class=\"has-inline-color has-primary-color\">Contacta<\/mark> ahora con un <mark style=\"background-color:rgba(0, 0, 0, 0)\" class=\"has-inline-color has-primary-color\">experto<\/mark><\/h2>\n\n\n\n<div class=\"wp-block-group has-global-padding is-layout-constrained wp-container-core-group-is-layout-c19476fc wp-block-group-is-layout-constrained\">\n<div class=\"wp-block-group is-nowrap is-layout-flex wp-container-core-group-is-layout-48b224ee wp-block-group-is-layout-flex\"><div class=\"wp-block-safe-svg-svg-icon safe-svg-cover wp-container-content-f2708022\" style=\"text-align: left;\">\n\t\t\t\t<div class=\"safe-svg-inside safe-svg-inline\" style=\"width: 16px; height: 16px; background-color: var(--wp--preset--color--); color: var(--wp--preset--color--); padding-top: ; padding-right: ; padding-bottom: ; padding-left: ; margin-top: 0.25rem; margin-right: ; margin-bottom: ; margin-left: ;\"><?xml version=\"1.0\" encoding=\"UTF-8\"?> <svg xmlns=\"http:\/\/www.w3.org\/2000\/svg\" width=\"16\" height=\"16\" viewBox=\"0 0 16 16\" fill=\"none\"><g id=\"Icon\/arrow-right\"><path id=\"Vector\" d=\"M3.3335 8H12.6668\" stroke=\"#0064E2\" stroke-width=\"2\" stroke-linecap=\"round\" stroke-linejoin=\"round\"><\/path><path id=\"Vector_2\" d=\"M8 3.33325L12.6667 7.99992L8 12.6666\" stroke=\"#0064E2\" stroke-width=\"2\" stroke-linecap=\"round\" stroke-linejoin=\"round\"><\/path><\/g><\/svg> <\/div>\n\t\t\t<\/div>\n\n\n<div class=\"wp-block-group has-global-padding is-layout-constrained wp-container-core-group-is-layout-c19476fc wp-block-group-is-layout-constrained\">\n<p class=\"has-primary-color has-text-color has-link-color has-heading-5-font-size wp-elements-7497d8223b3855e11d033d23a3e2cef7\">Soporte t\u00e9cnico y dudas<\/p>\n\n\n\n<p class=\"has-text-medium-color has-text-color has-link-color has-small-font-size wp-elements-cce4a5e95997022d2658671a93a19286\">Estamos aqu\u00ed para ayudarte. Contacta con nuestro equipo y resolveremos tus dudas r\u00e1pidamente.<\/p>\n<\/div>\n<\/div>\n\n\n\n<hr class=\"wp-block-separator has-text-color has-neutral-60-color has-alpha-channel-opacity has-neutral-60-background-color has-background is-style-wide\"\/>\n<\/div>\n<\/div>\n\n\n\n<div class=\"wp-block-column is-vertically-aligned-top hidden-mobile hidden-tablet is-layout-flow wp-block-column-is-layout-flow\" style=\"flex-basis:8%\"><\/div>\n\n\n\n<div class=\"wp-block-column is-vertically-aligned-top is-layout-flow wp-block-column-is-layout-flow\">\n<div class=\"wp-block-contact-form-7-contact-form-selector\">\n<div class=\"wpcf7 no-js\" id=\"wpcf7-f22-o1\" lang=\"es-ES\" dir=\"ltr\" data-wpcf7-id=\"22\">\n<div class=\"screen-reader-response\"><p role=\"status\" aria-live=\"polite\" aria-atomic=\"true\"><\/p> <ul><\/ul><\/div>\n<form action=\"\/es\/wp-json\/wp\/v2\/pages\/19#wpcf7-f22-o1\" method=\"post\" class=\"wpcf7-form init\" aria-label=\"Formulario de contacto\" novalidate=\"novalidate\" data-status=\"init\">\n<fieldset class=\"hidden-fields-container\"><input type=\"hidden\" name=\"_wpcf7\" value=\"22\" \/><input type=\"hidden\" name=\"_wpcf7_version\" value=\"6.1.5\" \/><input type=\"hidden\" name=\"_wpcf7_locale\" value=\"es_ES\" \/><input type=\"hidden\" name=\"_wpcf7_unit_tag\" value=\"wpcf7-f22-o1\" \/><input type=\"hidden\" name=\"_wpcf7_container_post\" value=\"0\" \/><input type=\"hidden\" name=\"_wpcf7_posted_data_hash\" value=\"\" \/><input type=\"hidden\" name=\"_wpcf7_recaptcha_response\" value=\"\" \/>\n<\/fieldset>\n<div class=\"form-group\">\n<label>Nombre\n    <span class=\"wpcf7-form-control-wrap\" data-name=\"your-name\"><input size=\"40\" maxlength=\"400\" class=\"wpcf7-form-control wpcf7-text wpcf7-validates-as-required\" autocomplete=\"given-name\" aria-required=\"true\" aria-invalid=\"false\" value=\"\" type=\"text\" name=\"your-name\" \/><\/span> <\/label>\n\n<label>Apellidos\n    <span class=\"wpcf7-form-control-wrap\" data-name=\"your-surname\"><input size=\"40\" maxlength=\"400\" class=\"wpcf7-form-control wpcf7-text wpcf7-validates-as-required\" autocomplete=\"family-name\" aria-required=\"true\" aria-invalid=\"false\" value=\"\" type=\"text\" name=\"your-surname\" \/><\/span> <\/label>\n\n<label>Empresa\n    <span class=\"wpcf7-form-control-wrap\" data-name=\"your-company\"><input size=\"40\" maxlength=\"400\" class=\"wpcf7-form-control wpcf7-text wpcf7-validates-as-required\" aria-required=\"true\" aria-invalid=\"false\" value=\"\" type=\"text\" name=\"your-company\" \/><\/span> <\/label>\n\n<label>Email\n    <span class=\"wpcf7-form-control-wrap\" data-name=\"your-email\"><input size=\"40\" maxlength=\"400\" class=\"wpcf7-form-control wpcf7-email wpcf7-validates-as-required wpcf7-text wpcf7-validates-as-email\" autocomplete=\"email\" aria-required=\"true\" aria-invalid=\"false\" value=\"\" type=\"email\" name=\"your-email\" \/><\/span> <\/label>\n\n<label>Tel\u00e9fono\n    <span class=\"wpcf7-form-control-wrap\" data-name=\"your-phone\"><input size=\"40\" maxlength=\"400\" class=\"wpcf7-form-control wpcf7-tel wpcf7-validates-as-required wpcf7-text wpcf7-validates-as-tel\" aria-required=\"true\" aria-invalid=\"false\" value=\"\" type=\"tel\" name=\"your-phone\" \/><\/span> <\/label>\n\n<label> Mensaje\n    <span class=\"wpcf7-form-control-wrap\" data-name=\"your-message\"><textarea cols=\"40\" rows=\"4\" maxlength=\"2000\" class=\"wpcf7-form-control wpcf7-textarea\" aria-invalid=\"false\" name=\"your-message\"><\/textarea><\/span> <\/label>\n<input class=\"wpcf7-form-control wpcf7-hidden\" value=\"Contacto desde Epic Power Lifts\" type=\"hidden\" name=\"your-subject\" \/>\n<div class=\"\"><span class=\"wpcf7-form-control-wrap\" data-name=\"acceptance-653\"><span class=\"wpcf7-form-control wpcf7-acceptance\"><span class=\"wpcf7-list-item\"><label><input type=\"checkbox\" name=\"acceptance-653\" value=\"1\" aria-invalid=\"false\" \/><span class=\"wpcf7-list-item-label\">He le\u00eddo y acepto la pol\u00edtica de privacidad<\/span><\/label><\/span><\/span><\/span><\/div>\n\n<input class=\"wpcf7-form-control wpcf7-submit has-spinner btn btn-primary\" type=\"submit\" value=\"Enviar\" \/>\n<\/div><div class=\"wpcf7-response-output\" aria-hidden=\"true\"><\/div>\n<\/form>\n<\/div>\n<\/div>\n<\/div>\n<\/div>\n<\/div>\n<\/div>\n\n\n\n<div class=\"wp-block-group alignfull has-background-color has-primary-100-background-color has-text-color has-background has-link-color wp-elements-d2d93e082724a571b2a4b0ba3998866d has-global-padding is-content-justification-center is-layout-constrained wp-block-group-is-layout-constrained\" id=\"newsletter\" style=\"margin-top:0;margin-bottom:0\">\n<div class=\"wp-block-columns are-vertically-aligned-top is-layout-flex wp-container-core-columns-is-layout-7abde1fe wp-block-columns-is-layout-flex\" style=\"padding-top:var(--wp--preset--spacing--40);padding-bottom:var(--wp--preset--spacing--40)\">\n<div class=\"wp-block-column is-vertically-aligned-top is-layout-flow wp-block-column-is-layout-flow\" style=\"flex-basis:33.33%\">\n<h2 class=\"wp-block-heading has-background-color has-text-color has-link-color wp-elements-a0cf8b77625656042275b87714dc97b1\">Suscr\u00edbete a nuestra newsletter<\/h2>\n\n\n\n<p class=\"has-background-color has-text-color has-link-color wp-elements-136d788da6d4851ab0389b1f038b5a40\"><strong>Si deseas estar al d\u00eda de todas nuestras novedades, publicaciones y actualidad de Epic Power, suscr\u00edbete a nuestra lista de difusi\u00f3n.<\/strong><\/p>\n<\/div>\n\n\n\n<div class=\"wp-block-column is-vertically-aligned-top is-layout-flow wp-block-column-is-layout-flow\" style=\"flex-basis:20%\"><\/div>\n\n\n\n<div class=\"wp-block-column is-vertically-aligned-top is-layout-flow wp-block-column-is-layout-flow\">\n<div class=\"wp-block-contact-form-7-contact-form-selector\">\n<div class=\"wpcf7 no-js\" id=\"wpcf7-f1237-o2\" lang=\"es-ES\" dir=\"ltr\" data-wpcf7-id=\"1237\">\n<div class=\"screen-reader-response\"><p role=\"status\" aria-live=\"polite\" aria-atomic=\"true\"><\/p> <ul><\/ul><\/div>\n<form action=\"\/es\/wp-json\/wp\/v2\/pages\/19#wpcf7-f1237-o2\" method=\"post\" class=\"wpcf7-form init\" aria-label=\"Formulario de contacto\" novalidate=\"novalidate\" data-status=\"init\">\n<fieldset class=\"hidden-fields-container\"><input type=\"hidden\" name=\"_wpcf7\" value=\"1237\" \/><input type=\"hidden\" name=\"_wpcf7_version\" value=\"6.1.5\" \/><input type=\"hidden\" name=\"_wpcf7_locale\" value=\"es_ES\" \/><input type=\"hidden\" name=\"_wpcf7_unit_tag\" value=\"wpcf7-f1237-o2\" \/><input type=\"hidden\" name=\"_wpcf7_container_post\" value=\"0\" \/><input type=\"hidden\" name=\"_wpcf7_posted_data_hash\" value=\"\" \/><input type=\"hidden\" name=\"_wpcf7_recaptcha_response\" value=\"\" \/>\n<\/fieldset>\n<div class=\"\">\n<span class=\"wpcf7-form-control-wrap\" data-name=\"your-name\"><input size=\"40\" maxlength=\"400\" class=\"wpcf7-form-control wpcf7-text wpcf7-validates-as-required\" autocomplete=\"given-name\" aria-required=\"true\" aria-invalid=\"false\" placeholder=\"Nombre\" value=\"\" type=\"text\" name=\"your-name\" \/><\/span>\n<\/div>\n\n<div class=\"mt-1\">\n    <span class=\"wpcf7-form-control-wrap\" data-name=\"your-surname\"><input size=\"40\" maxlength=\"400\" class=\"wpcf7-form-control wpcf7-text wpcf7-validates-as-required\" autocomplete=\"family-name\" aria-required=\"true\" aria-invalid=\"false\" placeholder=\"Apellidos\" value=\"\" type=\"text\" name=\"your-surname\" \/><\/span>\n<\/div>\n\n<div class=\"mt-1\">\n    <span class=\"wpcf7-form-control-wrap\" data-name=\"your-email\"><input size=\"40\" maxlength=\"400\" class=\"wpcf7-form-control wpcf7-email wpcf7-validates-as-required wpcf7-text wpcf7-validates-as-email\" autocomplete=\"email\" aria-required=\"true\" aria-invalid=\"false\" placeholder=\"Email\" value=\"\" type=\"email\" name=\"your-email\" \/><\/span>\n<\/div>\n\n<div class=\"mt-1\">\n<span class=\"wpcf7-form-control-wrap\" data-name=\"your-acceptance\"><span class=\"wpcf7-form-control wpcf7-acceptance\"><span class=\"wpcf7-list-item\"><label><input type=\"checkbox\" name=\"your-acceptance\" value=\"1\" aria-invalid=\"false\" \/><span class=\"wpcf7-list-item-label\"><span class=\"text-white\">Confirmo que he le\u00eddo y acepto la <a href=\"https:\/\/epicpower.es\/aviso-legal\/\" target=\"_blank\">pol\u00edtica de privacidad<\/a> <\/span><\/span><\/label><\/span><\/span><\/span>\n<\/div>\n\n<div class=\"mt-1\">\n<div class=\"wpcf7-response-output\" aria-hidden=\"true\"><\/div>\n<input class=\"wpcf7-form-control wpcf7-submit has-spinner\" type=\"submit\" value=\"Suscribirme\" \/>\n<\/div>\n<\/form>\n<\/div>\n<\/div>\n<\/div>\n<\/div>\n<\/div>\n","protected":false},"excerpt":{"rendered":"<p>Estamos aqu\u00ed para ayudarte Si desea contactar con nosotros, rellene el formulario adjunto con sus comentarios, o bien d\u00e9jenos sus datos de contacto y nosotros le llamaremos. Epic Power Direcci\u00f3n de la oficina central Calle F Oeste, grupo G. Quejido, nave 93 Pol\u00edgono Malpica \u2013 50016 Zaragoza (Spain) Tel\u00e9fono Ll\u00e1manos. El horario de atenci\u00f3n es [&hellip;]<\/p>\n","protected":false},"author":1,"featured_media":0,"parent":0,"menu_order":85,"comment_status":"closed","ping_status":"closed","template":"wp-custom-template-contact","meta":{"_acf_changed":false,"footnotes":""},"class_list":["post-19","page","type-page","status-publish","hentry"],"acf":[],"yoast_head":"<!-- This site is optimized with the Yoast SEO plugin v27.0 - https:\/\/yoast.com\/product\/yoast-seo-wordpress\/ -->\n<title>Epic Power Lifts Contacto - Epic Power Lifts<\/title>\n<meta name=\"description\" content=\"Si desea contactar con nosotros, rellene el formulario adjunto con sus comentarios, o bien d\u00e9jenos sus datos de contacto y le llamaremos.\" \/>\n<meta name=\"robots\" content=\"index, follow, max-snippet:-1, max-image-preview:large, max-video-preview:-1\" \/>\n<link rel=\"canonical\" href=\"https:\/\/epicpowerlifts.com\/es\/contacto\/\" \/>\n<meta property=\"og:locale\" content=\"es_ES\" \/>\n<meta property=\"og:type\" content=\"article\" \/>\n<meta property=\"og:title\" content=\"Epic Power Lifts Contacto - Epic Power Lifts\" \/>\n<meta property=\"og:description\" content=\"Si desea contactar con nosotros, rellene el formulario adjunto con sus comentarios, o bien d\u00e9jenos sus datos de contacto y le llamaremos.\" \/>\n<meta property=\"og:url\" content=\"https:\/\/epicpowerlifts.com\/es\/contacto\/\" \/>\n<meta property=\"og:site_name\" content=\"Epic Power Lifts\" \/>\n<meta property=\"article:modified_time\" content=\"2025-07-25T08:23:41+00:00\" \/>\n<meta name=\"twitter:card\" content=\"summary_large_image\" \/>\n<meta name=\"twitter:label1\" content=\"Tiempo de lectura\" \/>\n\t<meta name=\"twitter:data1\" content=\"1 minuto\" \/>\n<script type=\"application\/ld+json\" class=\"yoast-schema-graph\">{\"@context\":\"https:\/\/schema.org\",\"@graph\":[{\"@type\":\"WebPage\",\"@id\":\"https:\/\/epicpowerlifts.com\/es\/contacto\/\",\"url\":\"https:\/\/epicpowerlifts.com\/es\/contacto\/\",\"name\":\"Epic Power Lifts Contacto - Epic Power Lifts\",\"isPartOf\":{\"@id\":\"https:\/\/epicpowerlifts.com\/es\/#website\"},\"datePublished\":\"2024-07-22T12:47:42+00:00\",\"dateModified\":\"2025-07-25T08:23:41+00:00\",\"description\":\"Si desea contactar con nosotros, rellene el formulario adjunto con sus comentarios, o bien d\u00e9jenos sus datos de contacto y le llamaremos.\",\"breadcrumb\":{\"@id\":\"https:\/\/epicpowerlifts.com\/es\/contacto\/#breadcrumb\"},\"inLanguage\":\"es\",\"potentialAction\":[{\"@type\":\"ReadAction\",\"target\":[\"https:\/\/epicpowerlifts.com\/es\/contacto\/\"]}]},{\"@type\":\"BreadcrumbList\",\"@id\":\"https:\/\/epicpowerlifts.com\/es\/contacto\/#breadcrumb\",\"itemListElement\":[{\"@type\":\"ListItem\",\"position\":1,\"name\":\"Epic Power LIfts\",\"item\":\"https:\/\/epicpowerlifts.com\/es\/\"},{\"@type\":\"ListItem\",\"position\":2,\"name\":\"Contacto\"}]},{\"@type\":\"WebSite\",\"@id\":\"https:\/\/epicpowerlifts.com\/es\/#website\",\"url\":\"https:\/\/epicpowerlifts.com\/es\/\",\"name\":\"Epic Power Lifts\",\"description\":\"\",\"publisher\":{\"@id\":\"https:\/\/epicpowerlifts.com\/es\/#organization\"},\"potentialAction\":[{\"@type\":\"SearchAction\",\"target\":{\"@type\":\"EntryPoint\",\"urlTemplate\":\"https:\/\/epicpowerlifts.com\/es\/?s={search_term_string}\"},\"query-input\":{\"@type\":\"PropertyValueSpecification\",\"valueRequired\":true,\"valueName\":\"search_term_string\"}}],\"inLanguage\":\"es\"},{\"@type\":\"Organization\",\"@id\":\"https:\/\/epicpowerlifts.com\/es\/#organization\",\"name\":\"Epic Power Lifts\",\"url\":\"https:\/\/epicpowerlifts.com\/es\/\",\"logo\":{\"@type\":\"ImageObject\",\"inLanguage\":\"es\",\"@id\":\"https:\/\/epicpowerlifts.com\/es\/#\/schema\/logo\/image\/\",\"url\":\"https:\/\/epicpowerlifts.com\/wp-content\/uploads\/2024\/10\/logo-epic-lifts.svg\",\"contentUrl\":\"https:\/\/epicpowerlifts.com\/wp-content\/uploads\/2024\/10\/logo-epic-lifts.svg\",\"width\":338,\"height\":67,\"caption\":\"Epic Power Lifts\"},\"image\":{\"@id\":\"https:\/\/epicpowerlifts.com\/es\/#\/schema\/logo\/image\/\"}}]}<\/script>\n<!-- \/ Yoast SEO plugin. -->","yoast_head_json":{"title":"Epic Power Lifts Contacto - Epic Power Lifts","description":"Si desea contactar con nosotros, rellene el formulario adjunto con sus comentarios, o bien d\u00e9jenos sus datos de contacto y le llamaremos.","robots":{"index":"index","follow":"follow","max-snippet":"max-snippet:-1","max-image-preview":"max-image-preview:large","max-video-preview":"max-video-preview:-1"},"canonical":"https:\/\/epicpowerlifts.com\/es\/contacto\/","og_locale":"es_ES","og_type":"article","og_title":"Epic Power Lifts Contacto - Epic Power Lifts","og_description":"Si desea contactar con nosotros, rellene el formulario adjunto con sus comentarios, o bien d\u00e9jenos sus datos de contacto y le llamaremos.","og_url":"https:\/\/epicpowerlifts.com\/es\/contacto\/","og_site_name":"Epic Power Lifts","article_modified_time":"2025-07-25T08:23:41+00:00","twitter_card":"summary_large_image","twitter_misc":{"Tiempo de lectura":"1 minuto"},"schema":{"@context":"https:\/\/schema.org","@graph":[{"@type":"WebPage","@id":"https:\/\/epicpowerlifts.com\/es\/contacto\/","url":"https:\/\/epicpowerlifts.com\/es\/contacto\/","name":"Epic Power Lifts Contacto - Epic Power Lifts","isPartOf":{"@id":"https:\/\/epicpowerlifts.com\/es\/#website"},"datePublished":"2024-07-22T12:47:42+00:00","dateModified":"2025-07-25T08:23:41+00:00","description":"Si desea contactar con nosotros, rellene el formulario adjunto con sus comentarios, o bien d\u00e9jenos sus datos de contacto y le llamaremos.","breadcrumb":{"@id":"https:\/\/epicpowerlifts.com\/es\/contacto\/#breadcrumb"},"inLanguage":"es","potentialAction":[{"@type":"ReadAction","target":["https:\/\/epicpowerlifts.com\/es\/contacto\/"]}]},{"@type":"BreadcrumbList","@id":"https:\/\/epicpowerlifts.com\/es\/contacto\/#breadcrumb","itemListElement":[{"@type":"ListItem","position":1,"name":"Epic Power LIfts","item":"https:\/\/epicpowerlifts.com\/es\/"},{"@type":"ListItem","position":2,"name":"Contacto"}]},{"@type":"WebSite","@id":"https:\/\/epicpowerlifts.com\/es\/#website","url":"https:\/\/epicpowerlifts.com\/es\/","name":"Epic Power Lifts","description":"","publisher":{"@id":"https:\/\/epicpowerlifts.com\/es\/#organization"},"potentialAction":[{"@type":"SearchAction","target":{"@type":"EntryPoint","urlTemplate":"https:\/\/epicpowerlifts.com\/es\/?s={search_term_string}"},"query-input":{"@type":"PropertyValueSpecification","valueRequired":true,"valueName":"search_term_string"}}],"inLanguage":"es"},{"@type":"Organization","@id":"https:\/\/epicpowerlifts.com\/es\/#organization","name":"Epic Power Lifts","url":"https:\/\/epicpowerlifts.com\/es\/","logo":{"@type":"ImageObject","inLanguage":"es","@id":"https:\/\/epicpowerlifts.com\/es\/#\/schema\/logo\/image\/","url":"https:\/\/epicpowerlifts.com\/wp-content\/uploads\/2024\/10\/logo-epic-lifts.svg","contentUrl":"https:\/\/epicpowerlifts.com\/wp-content\/uploads\/2024\/10\/logo-epic-lifts.svg","width":338,"height":67,"caption":"Epic Power Lifts"},"image":{"@id":"https:\/\/epicpowerlifts.com\/es\/#\/schema\/logo\/image\/"}}]}},"_links":{"self":[{"href":"https:\/\/epicpowerlifts.com\/es\/wp-json\/wp\/v2\/pages\/19","targetHints":{"allow":["GET"]}}],"collection":[{"href":"https:\/\/epicpowerlifts.com\/es\/wp-json\/wp\/v2\/pages"}],"about":[{"href":"https:\/\/epicpowerlifts.com\/es\/wp-json\/wp\/v2\/types\/page"}],"author":[{"embeddable":true,"href":"https:\/\/epicpowerlifts.com\/es\/wp-json\/wp\/v2\/users\/1"}],"replies":[{"embeddable":true,"href":"https:\/\/epicpowerlifts.com\/es\/wp-json\/wp\/v2\/comments?post=19"}],"version-history":[{"count":1,"href":"https:\/\/epicpowerlifts.com\/es\/wp-json\/wp\/v2\/pages\/19\/revisions"}],"predecessor-version":[{"id":2992,"href":"https:\/\/epicpowerlifts.com\/es\/wp-json\/wp\/v2\/pages\/19\/revisions\/2992"}],"wp:attachment":[{"href":"https:\/\/epicpowerlifts.com\/es\/wp-json\/wp\/v2\/media?parent=19"}],"curies":[{"name":"wp","href":"https:\/\/api.w.org\/{rel}","templated":true}]}}