{"id":3,"date":"2024-07-22T13:45:24","date_gmt":"2024-07-22T11:45:24","guid":{"rendered":"https:\/\/epicpowerlifts.com\/?page_id=3"},"modified":"2025-04-01T15:58:29","modified_gmt":"2025-04-01T13:58:29","slug":"politica-integrada","status":"publish","type":"page","link":"https:\/\/epicpowerlifts.com\/es\/politica-integrada\/","title":{"rendered":"Pol\u00edtica integrada"},"content":{"rendered":"\n<h2 class=\"wp-block-heading\">Pol\u00edtica de calidad, medio ambiente, investigaci\u00f3n, desarrollo tecnol\u00f3gico e innovaci\u00f3n<\/h2>\n\n\n\n<p>EPIC POWER tiene como objetivo principal la satisfacci\u00f3n e incluso la superaci\u00f3n de las necesidades y expectativas de sus Clientes, cumpliendo para ello, todos aquellos requisitos normativas o reglamentos que apliquen o puedan llegar a hacerlo.<\/p>\n\n\n\n<p>Todo el personal de la organizaci\u00f3n, en cada puesto de trabajo, desarrolla su funci\u00f3n desde la orientaci\u00f3n al cliente, entendiendo que el buen trabajo y el desarrollo de nuestro Sistema de Gesti\u00f3n Integrado es cosa de todos.<\/p>\n\n\n\n<p>La Direcci\u00f3n, se constituye en impulsor y m\u00e1ximo responsable de los aspectos relacionados en esta Pol\u00edtica Integrada de calidad, medioambiente, investigaci\u00f3n, desarrollo tecnol\u00f3gico e innovaci\u00f3n para que sea adecuada al prop\u00f3sito y contexto de la organizaci\u00f3n en concordancia con la visi\u00f3n y la estrategia de la I+D+i, as\u00ed como de la implantaci\u00f3n, desarrollo y mejora continua de los procesos y del Sistema de Gesti\u00f3n Integrado de EPIC POWER a trav\u00e9s de los siguientes hitos:&nbsp;<\/p>\n\n\n\n<h2 class=\"wp-block-heading\"><strong>1.\u00a0Orientaci\u00f3n al cliente.<\/strong><\/h2>\n\n\n\n<p>La Empresa sostiene como objetivo fundamental la satisfacci\u00f3n de sus Clientes, teniendo como principio fundamental buscar y mantener su confianza en sus productos y servicios, mejorando as\u00ed la efectividad en la relaci\u00f3n e interacciones con el Cliente. Para ello, EPIC POWER proporciona un marco de referencia para el establecimiento de los Objetivos de Calidad, Medioambiente e I+D+i.<\/p>\n\n\n\n<h2 class=\"wp-block-heading\"><strong>2.\u00a0Cumplimiento de requisitos.<\/strong><\/h2>\n\n\n\n<p>EPIC POWER ofrece productos que cumplen los requerimientos legales, reglamentarios y otros requisitos de aplicaci\u00f3n a nuestra empresa.<\/p>\n\n\n\n<h2 class=\"wp-block-heading\"><strong>3.\u00a0Colaboraci\u00f3n con proveedores.<\/strong><\/h2>\n\n\n\n<p>Son fundamentales para EPIC POWER las sinergias con los proveedores para conseguir que se integren en nuestros procesos productivos y participen en la obtenci\u00f3n de las mayores cotas de calidad de nuestros productos y servicios, as\u00ed como en la minimizaci\u00f3n de los impactos ambientales.<\/p>\n\n\n\n<h2 class=\"wp-block-heading\"><strong>4.\u00a0Prevenci\u00f3n de la contaminaci\u00f3n.<\/strong><\/h2>\n\n\n\n<p>En EPIC POWER consideramos b\u00e1sica la prevenci\u00f3n de la contaminaci\u00f3n en nuestras actividades y buscamos la mejora continua para un adecuado desempe\u00f1o ambiental, a trav\u00e9s del comportamiento de todos y las buenas pr\u00e1cticas, con objeto de minimizar el impacto ambiental en la producci\u00f3n, utilizaci\u00f3n y deshecho de todos nuestros productos.<\/p>\n\n\n\n<h2 class=\"wp-block-heading\"><strong>5.\u00a0Desarrollo Sostenible.<\/strong><\/h2>\n\n\n\n<p>La Direcci\u00f3n de EPIC POWER ejerce una b\u00fasqueda constante de la confianza de sus Clientes a trav\u00e9s de los productos y servicios ofreciendo soluciones en la l\u00ednea de la Sostenibilidad, facilitando as\u00ed, el cumplimiento de los Objetivos de Desarrollo Sostenible aprobados en la Agenda 2030.<\/p>\n\n\n\n<h2 class=\"wp-block-heading\"><strong>6.\u00a0Formaci\u00f3n y comunicaci\u00f3n.<\/strong><\/h2>\n\n\n\n<p>La base de la mejora continua y del desarrollo de la organizaci\u00f3n se establece en la formaci\u00f3n continuada de todo el personal y en una comunicaci\u00f3n interna \u00e1gil que facilite la transmisi\u00f3n de experiencias entre el personal de EPIC POWER.<\/p>\n\n\n\n<h2 class=\"wp-block-heading\"><strong>7.\u00a0Prevenci\u00f3n de errores y mejora continua.<\/strong><\/h2>\n\n\n\n<p>Damos prioridad a la prevenci\u00f3n de los defectos, aprendiendo de los errores y evitando que vuelvan a repetirse. Para conseguirlo nuestra filosof\u00eda es&nbsp;<strong>hacer bien las cosas a la primera<\/strong>.<\/p>\n\n\n\n<h2 class=\"wp-block-heading\"><strong>8.\u00a0El compromiso de prevenci\u00f3n de los da\u00f1os y el deterioro de la salud<\/strong><\/h2>\n\n\n\n<p>Es un aspecto fundamental para la organizaci\u00f3n que el desarrollo de nuestras actividades no ocasione riesgos ni problemas de salud en nuestros trabajadores, contratas, subcontratas y visitas. Por ello, trabajar permanentemente en la mejora de la gesti\u00f3n relacionada con la Seguridad y Salud en el Trabajo es nuestra prioridad.<\/p>\n\n\n\n<h2 class=\"wp-block-heading\"><strong>9.\u00a0La innovaci\u00f3n como clave del \u00e9xito.<\/strong><\/h2>\n\n\n\n<p>La innovaci\u00f3n continua de nuestros productos y servicios para ofrecer a los clientes y usuarios las mejores prestaciones en todo momento, abriendo nuevos mercados y nuevas oportunidades, buscando la excelencia y el liderazgo en el sector, es una de nuestras l\u00edneas principales de evoluci\u00f3n y camino hacia nuestros objetivos.<\/p>\n\n\n\n<p class=\"has-text-align-right\">Firmado: Pilar Molina (Directora)<br>Zaragoza, 21\/04\/2022<\/p>\n","protected":false},"excerpt":{"rendered":"<p>Pol\u00edtica de calidad, medio ambiente, investigaci\u00f3n, desarrollo tecnol\u00f3gico e innovaci\u00f3n EPIC POWER tiene como objetivo principal la satisfacci\u00f3n e incluso la superaci\u00f3n de las necesidades y expectativas de sus Clientes, cumpliendo para ello, todos aquellos requisitos normativas o reglamentos que apliquen o puedan llegar a hacerlo. Todo el personal de la organizaci\u00f3n, en cada puesto [&hellip;]<\/p>\n","protected":false},"author":1,"featured_media":0,"parent":0,"menu_order":99,"comment_status":"closed","ping_status":"closed","template":"","meta":{"_acf_changed":false,"footnotes":""},"class_list":["post-3","page","type-page","status-publish","hentry"],"acf":[],"yoast_head":"<!-- This site is optimized with the Yoast SEO plugin v27.0 - https:\/\/yoast.com\/product\/yoast-seo-wordpress\/ -->\n<title>Pol\u00edtica integrada - Epic Power Lifts<\/title>\n<meta name=\"robots\" content=\"index, follow, max-snippet:-1, max-image-preview:large, max-video-preview:-1\" \/>\n<link rel=\"canonical\" href=\"https:\/\/epicpowerlifts.com\/es\/politica-integrada\/\" \/>\n<meta property=\"og:locale\" content=\"es_ES\" \/>\n<meta property=\"og:type\" content=\"article\" \/>\n<meta property=\"og:title\" content=\"Pol\u00edtica integrada - Epic Power Lifts\" \/>\n<meta property=\"og:description\" content=\"Pol\u00edtica de calidad, medio ambiente, investigaci\u00f3n, desarrollo tecnol\u00f3gico e innovaci\u00f3n EPIC POWER tiene como objetivo principal la satisfacci\u00f3n e incluso la superaci\u00f3n de las necesidades y expectativas de sus Clientes, cumpliendo para ello, todos aquellos requisitos normativas o reglamentos que apliquen o puedan llegar a hacerlo. Todo el personal de la organizaci\u00f3n, en cada puesto [&hellip;]\" \/>\n<meta property=\"og:url\" content=\"https:\/\/epicpowerlifts.com\/es\/politica-integrada\/\" \/>\n<meta property=\"og:site_name\" content=\"Epic Power Lifts\" \/>\n<meta property=\"article:modified_time\" content=\"2025-04-01T13:58:29+00:00\" \/>\n<meta name=\"twitter:card\" content=\"summary_large_image\" \/>\n<meta name=\"twitter:label1\" content=\"Tiempo de lectura\" \/>\n\t<meta name=\"twitter:data1\" content=\"3 minutos\" \/>\n<script type=\"application\/ld+json\" class=\"yoast-schema-graph\">{\"@context\":\"https:\/\/schema.org\",\"@graph\":[{\"@type\":\"WebPage\",\"@id\":\"https:\/\/epicpowerlifts.com\/es\/politica-integrada\/\",\"url\":\"https:\/\/epicpowerlifts.com\/es\/politica-integrada\/\",\"name\":\"Pol\u00edtica integrada - Epic Power Lifts\",\"isPartOf\":{\"@id\":\"https:\/\/epicpowerlifts.com\/es\/#website\"},\"datePublished\":\"2024-07-22T11:45:24+00:00\",\"dateModified\":\"2025-04-01T13:58:29+00:00\",\"breadcrumb\":{\"@id\":\"https:\/\/epicpowerlifts.com\/es\/politica-integrada\/#breadcrumb\"},\"inLanguage\":\"es\",\"potentialAction\":[{\"@type\":\"ReadAction\",\"target\":[\"https:\/\/epicpowerlifts.com\/es\/politica-integrada\/\"]}]},{\"@type\":\"BreadcrumbList\",\"@id\":\"https:\/\/epicpowerlifts.com\/es\/politica-integrada\/#breadcrumb\",\"itemListElement\":[{\"@type\":\"ListItem\",\"position\":1,\"name\":\"Epic Power LIfts\",\"item\":\"https:\/\/epicpowerlifts.com\/es\/\"},{\"@type\":\"ListItem\",\"position\":2,\"name\":\"Pol\u00edtica integrada\"}]},{\"@type\":\"WebSite\",\"@id\":\"https:\/\/epicpowerlifts.com\/es\/#website\",\"url\":\"https:\/\/epicpowerlifts.com\/es\/\",\"name\":\"Epic Power Lifts\",\"description\":\"\",\"publisher\":{\"@id\":\"https:\/\/epicpowerlifts.com\/es\/#organization\"},\"potentialAction\":[{\"@type\":\"SearchAction\",\"target\":{\"@type\":\"EntryPoint\",\"urlTemplate\":\"https:\/\/epicpowerlifts.com\/es\/?s={search_term_string}\"},\"query-input\":{\"@type\":\"PropertyValueSpecification\",\"valueRequired\":true,\"valueName\":\"search_term_string\"}}],\"inLanguage\":\"es\"},{\"@type\":\"Organization\",\"@id\":\"https:\/\/epicpowerlifts.com\/es\/#organization\",\"name\":\"Epic Power Lifts\",\"url\":\"https:\/\/epicpowerlifts.com\/es\/\",\"logo\":{\"@type\":\"ImageObject\",\"inLanguage\":\"es\",\"@id\":\"https:\/\/epicpowerlifts.com\/es\/#\/schema\/logo\/image\/\",\"url\":\"https:\/\/epicpowerlifts.com\/wp-content\/uploads\/2024\/10\/logo-epic-lifts.svg\",\"contentUrl\":\"https:\/\/epicpowerlifts.com\/wp-content\/uploads\/2024\/10\/logo-epic-lifts.svg\",\"width\":338,\"height\":67,\"caption\":\"Epic Power Lifts\"},\"image\":{\"@id\":\"https:\/\/epicpowerlifts.com\/es\/#\/schema\/logo\/image\/\"}}]}<\/script>\n<!-- \/ Yoast SEO plugin. -->","yoast_head_json":{"title":"Pol\u00edtica integrada - Epic Power Lifts","robots":{"index":"index","follow":"follow","max-snippet":"max-snippet:-1","max-image-preview":"max-image-preview:large","max-video-preview":"max-video-preview:-1"},"canonical":"https:\/\/epicpowerlifts.com\/es\/politica-integrada\/","og_locale":"es_ES","og_type":"article","og_title":"Pol\u00edtica integrada - Epic Power Lifts","og_description":"Pol\u00edtica de calidad, medio ambiente, investigaci\u00f3n, desarrollo tecnol\u00f3gico e innovaci\u00f3n EPIC POWER tiene como objetivo principal la satisfacci\u00f3n e incluso la superaci\u00f3n de las necesidades y expectativas de sus Clientes, cumpliendo para ello, todos aquellos requisitos normativas o reglamentos que apliquen o puedan llegar a hacerlo. Todo el personal de la organizaci\u00f3n, en cada puesto [&hellip;]","og_url":"https:\/\/epicpowerlifts.com\/es\/politica-integrada\/","og_site_name":"Epic Power Lifts","article_modified_time":"2025-04-01T13:58:29+00:00","twitter_card":"summary_large_image","twitter_misc":{"Tiempo de lectura":"3 minutos"},"schema":{"@context":"https:\/\/schema.org","@graph":[{"@type":"WebPage","@id":"https:\/\/epicpowerlifts.com\/es\/politica-integrada\/","url":"https:\/\/epicpowerlifts.com\/es\/politica-integrada\/","name":"Pol\u00edtica integrada - Epic Power Lifts","isPartOf":{"@id":"https:\/\/epicpowerlifts.com\/es\/#website"},"datePublished":"2024-07-22T11:45:24+00:00","dateModified":"2025-04-01T13:58:29+00:00","breadcrumb":{"@id":"https:\/\/epicpowerlifts.com\/es\/politica-integrada\/#breadcrumb"},"inLanguage":"es","potentialAction":[{"@type":"ReadAction","target":["https:\/\/epicpowerlifts.com\/es\/politica-integrada\/"]}]},{"@type":"BreadcrumbList","@id":"https:\/\/epicpowerlifts.com\/es\/politica-integrada\/#breadcrumb","itemListElement":[{"@type":"ListItem","position":1,"name":"Epic Power LIfts","item":"https:\/\/epicpowerlifts.com\/es\/"},{"@type":"ListItem","position":2,"name":"Pol\u00edtica integrada"}]},{"@type":"WebSite","@id":"https:\/\/epicpowerlifts.com\/es\/#website","url":"https:\/\/epicpowerlifts.com\/es\/","name":"Epic Power Lifts","description":"","publisher":{"@id":"https:\/\/epicpowerlifts.com\/es\/#organization"},"potentialAction":[{"@type":"SearchAction","target":{"@type":"EntryPoint","urlTemplate":"https:\/\/epicpowerlifts.com\/es\/?s={search_term_string}"},"query-input":{"@type":"PropertyValueSpecification","valueRequired":true,"valueName":"search_term_string"}}],"inLanguage":"es"},{"@type":"Organization","@id":"https:\/\/epicpowerlifts.com\/es\/#organization","name":"Epic Power Lifts","url":"https:\/\/epicpowerlifts.com\/es\/","logo":{"@type":"ImageObject","inLanguage":"es","@id":"https:\/\/epicpowerlifts.com\/es\/#\/schema\/logo\/image\/","url":"https:\/\/epicpowerlifts.com\/wp-content\/uploads\/2024\/10\/logo-epic-lifts.svg","contentUrl":"https:\/\/epicpowerlifts.com\/wp-content\/uploads\/2024\/10\/logo-epic-lifts.svg","width":338,"height":67,"caption":"Epic Power Lifts"},"image":{"@id":"https:\/\/epicpowerlifts.com\/es\/#\/schema\/logo\/image\/"}}]}},"_links":{"self":[{"href":"https:\/\/epicpowerlifts.com\/es\/wp-json\/wp\/v2\/pages\/3","targetHints":{"allow":["GET"]}}],"collection":[{"href":"https:\/\/epicpowerlifts.com\/es\/wp-json\/wp\/v2\/pages"}],"about":[{"href":"https:\/\/epicpowerlifts.com\/es\/wp-json\/wp\/v2\/types\/page"}],"author":[{"embeddable":true,"href":"https:\/\/epicpowerlifts.com\/es\/wp-json\/wp\/v2\/users\/1"}],"replies":[{"embeddable":true,"href":"https:\/\/epicpowerlifts.com\/es\/wp-json\/wp\/v2\/comments?post=3"}],"version-history":[{"count":0,"href":"https:\/\/epicpowerlifts.com\/es\/wp-json\/wp\/v2\/pages\/3\/revisions"}],"wp:attachment":[{"href":"https:\/\/epicpowerlifts.com\/es\/wp-json\/wp\/v2\/media?parent=3"}],"curies":[{"name":"wp","href":"https:\/\/api.w.org\/{rel}","templated":true}]}}