{"id":314,"date":"2024-08-14T12:08:26","date_gmt":"2024-08-14T10:08:26","guid":{"rendered":"https:\/\/epicpowerlifts.com\/?page_id=314"},"modified":"2025-06-06T13:06:02","modified_gmt":"2025-06-06T11:06:02","slug":"aviso-legal","status":"publish","type":"page","link":"https:\/\/epicpowerlifts.com\/es\/aviso-legal\/","title":{"rendered":"Aviso Legal y Privacidad"},"content":{"rendered":"\n<h2 class=\"wp-block-heading\">Informaci\u00f3n General del sitio Web<\/h2>\n\n\n\n<p>Para dar cumplimiento a lo establecido en la Ley 34\/2002 de 11 de julio, de Servicios de la Sociedad de la Informaci\u00f3n y de Comercio Electr\u00f3nico (LSSICE), a continuaci\u00f3n, se indican los datos de informaci\u00f3n general del sitio web www.epicpower.es<br>Raz\u00f3n social: EPIC POWER CONVERTERS, S.L. N.I.F.: B- 99349623 Inscrita en el Registro Mercantil de Zaragoza, Tomo 3921 Libro Sociedades, Folio 74, Hoja Z-53581 Direcci\u00f3n: Calle F Oeste, grupo Quejido, nave 93, 50016 Zaragoza&nbsp; \u2013 E-mail de contacto: info@epicpower.es<\/p>\n\n\n\n<h2 class=\"wp-block-heading\">Utilizaci\u00f3n del sitio web<\/h2>\n\n\n\n<p>El sitio web www.epicpower.es, es ofrecido con fines informativos en relaci\u00f3n con la actividad desarrollada por EPIC POWER CONVERTERS, S.L. Esta web es un canal de informaci\u00f3n relativa a los productos de la empresa. El usuario de la web, mediante su acceso y navegaci\u00f3n por la misma, se obliga a utilizarla conforme a la legislaci\u00f3n vigente de cada momento y a las condiciones establecidas en el presente aviso legal, la moral y las buenas costumbres generalmente aceptadas y el orden p\u00fablico.<br>El usuario responder\u00e1 frente a EPIC POWER CONVERTERS, S.L. y\/o frente a terceros, de cualesquiera da\u00f1os y perjuicios que pudieran causarse como consecuencia del incumplimiento de dicha obligaci\u00f3n.<\/p>\n\n\n\n<h2 class=\"wp-block-heading\">Pol\u00edtica de Privacidad<\/h2>\n\n\n\n<h3 class=\"wp-block-heading\">\u00bfQui\u00e9n es el responsable del tratamiento de sus datos?<\/h3>\n\n\n\n<p>EPIC POWER CONVERTERS, S.L. N.I.F.: B-99349623. Direcci\u00f3n: Calle F Oeste, grupo Quejido, nave 93, 50016 Zaragoza&nbsp; \u2013 E-mail de contacto: info@epicpower.es<\/p>\n\n\n\n<h3 class=\"wp-block-heading\">\u00bfCon qu\u00e9 finalidad tratamos sus datos personales?<\/h3>\n\n\n\n<p>Los datos de car\u00e1cter personal que nos facilite se trataran con la finalidad de identificarle como usuario en nuestro sitio web y gestionar el desarrollo de la relaci\u00f3n comercial en su caso, as\u00ed como informarle de nuestra actividad.<\/p>\n\n\n\n<h3 class=\"wp-block-heading\">Enviarle informaci\u00f3n o contactar con usted para mejorar la experiencia de uso en sus visitas a nuestro sitio web<\/h3>\n\n\n\n<p>Podremos contactar con usted a trav\u00e9s de correo electr\u00f3nico, llamadas telef\u00f3nicas, u otros medios de comunicaci\u00f3n electr\u00f3nicos equivalentes en relaci\u00f3n a productos, actualizaciones, incidencias o comunicaciones informativas relacionadas con las funcionalidades de nuestra web siempre que sea necesario para el buen funcionamiento de nuestros servicios.<\/p>\n\n\n\n<h3 class=\"wp-block-heading\">Enviarle informaci\u00f3n sobre productos y novedades<\/h3>\n\n\n\n<p>Sus datos personales tambi\u00e9n podr\u00e1n ser tratados con la finalidad de remitirle, por v\u00eda electr\u00f3nica, postal y telef\u00f3nica (incluyendo alertas por SMS, u otros medios de mensajer\u00eda an\u00e1logos) informaci\u00f3n comercial personalizada que pueda resultarte de inter\u00e9s sobre los productos o servicios ofrecidos por EPIC POWER CONVERTERS, S.L.<br>La base legal para el tratamiento de los datos con esta finalidad es el consentimiento que nos otorga al marcar la correspondiente casilla.<br>Le informamos que puede oponerse al tratamiento de sus datos con esta finalidad, dirigiendo un correo electr\u00f3nico a la direcci\u00f3n: info@epicpower.es<\/p>\n\n\n\n<h3 class=\"wp-block-heading\">\u00bfDurante cu\u00e1nto tiempo vamos a guardar sus datos?<\/h3>\n\n\n\n<p>Los datos se conservar\u00e1n mientras se mantenga nuestra relaci\u00f3n comercial, y una vez concluida, se mantendr\u00e1 bloqueada durante el plazo de 5 a\u00f1os para atender posibles reclamaciones y en cumplimiento de las obligaciones legales pertinentes.<br>La base legal para el tratamiento de estos datos es el consentimiento otorgado.<\/p>\n\n\n\n<h3 class=\"wp-block-heading\">Sus derechos en relaci\u00f3n a los datos personales<\/h3>\n\n\n\n<p>Puede ejercitar los derechos de acceso, rectificaci\u00f3n, supresi\u00f3n, oposici\u00f3n, limitaci\u00f3n del tratamiento y portabilidad de los datos, descarg\u00e1ndose los formularios que deber\u00e1 cumplimentar y enviarnos junto con fotocopia de su D.N.I. o Pasaporte y dirigi\u00e9ndose a nuestras direcciones (postal y electr\u00f3nica) de contacto.<\/p>\n\n\n\n<h3 class=\"wp-block-heading\">Formularios<\/h3>\n\n\n\n<p>\u2022&nbsp;<a href=\"https:\/\/epicpower.es\/wp-content\/uploads\/2018\/09\/ACCESO-EPIC-POWER.pdf?v=2020\" target=\"_blank\" rel=\"noreferrer noopener\">Acceso<\/a><br>\u2022&nbsp;<a href=\"https:\/\/epicpower.es\/wp-content\/uploads\/2025\/06\/RECTIFICACION-EPIC-POWER.pdf\" target=\"_blank\" rel=\"noreferrer noopener\">Rectificaci\u00f3n<\/a><br>\u2022&nbsp;<a href=\"https:\/\/epicpower.es\/wp-content\/uploads\/2025\/06\/SUPRESION-EPIC-POWER.pdf\" target=\"_blank\" rel=\"noreferrer noopener\">Supresion<\/a><br>\u2022&nbsp;<a href=\"https:\/\/epicpower.es\/wp-content\/uploads\/2018\/09\/LIMITACION-EPIC-POWER.pdf?v=2020\" target=\"_blank\" rel=\"noreferrer noopener\">Limitacion del Tratamiento<\/a><br>\u2022&nbsp;<a href=\"https:\/\/epicpower.es\/wp-content\/uploads\/2018\/09\/PORTABILIDAD-EPIC-POWER.pdf?v=2020\" target=\"_blank\" rel=\"noreferrer noopener\">Portabilidad<\/a><br>\u2022&nbsp;<a href=\"https:\/\/epicpower.es\/wp-content\/uploads\/2025\/06\/OPOSICION-EPIC-POWER.pdf\" target=\"_blank\" rel=\"noreferrer noopener\">Oposicion<\/a><\/p>\n\n\n\n<p>Una vez recibamos la documentaci\u00f3n, atenderemos el ejercicio de sus derechos en los plazos establecidos legalmente.<\/p>\n\n\n\n<p><\/p>\n","protected":false},"excerpt":{"rendered":"<p>Informaci\u00f3n General del sitio Web Para dar cumplimiento a lo establecido en la Ley 34\/2002 de 11 de julio, de Servicios de la Sociedad de la Informaci\u00f3n y de Comercio Electr\u00f3nico (LSSICE), a continuaci\u00f3n, se indican los datos de informaci\u00f3n general del sitio web www.epicpower.esRaz\u00f3n social: EPIC POWER CONVERTERS, S.L. N.I.F.: B- 99349623 Inscrita en [&hellip;]<\/p>\n","protected":false},"author":1,"featured_media":0,"parent":0,"menu_order":99,"comment_status":"closed","ping_status":"closed","template":"page-2","meta":{"_acf_changed":false,"footnotes":""},"class_list":["post-314","page","type-page","status-publish","hentry"],"acf":[],"yoast_head":"<!-- This site is optimized with the Yoast SEO plugin v27.0 - https:\/\/yoast.com\/product\/yoast-seo-wordpress\/ -->\n<title>Aviso Legal y Privacidad - Epic Power Lifts<\/title>\n<meta name=\"robots\" content=\"index, follow, max-snippet:-1, max-image-preview:large, max-video-preview:-1\" \/>\n<link rel=\"canonical\" href=\"https:\/\/epicpowerlifts.com\/es\/aviso-legal\/\" \/>\n<meta property=\"og:locale\" content=\"es_ES\" \/>\n<meta property=\"og:type\" content=\"article\" \/>\n<meta property=\"og:title\" content=\"Aviso Legal y Privacidad - Epic Power Lifts\" \/>\n<meta property=\"og:description\" content=\"Informaci\u00f3n General del sitio Web Para dar cumplimiento a lo establecido en la Ley 34\/2002 de 11 de julio, de Servicios de la Sociedad de la Informaci\u00f3n y de Comercio Electr\u00f3nico (LSSICE), a continuaci\u00f3n, se indican los datos de informaci\u00f3n general del sitio web www.epicpower.esRaz\u00f3n social: EPIC POWER CONVERTERS, S.L. N.I.F.: B- 99349623 Inscrita en [&hellip;]\" \/>\n<meta property=\"og:url\" content=\"https:\/\/epicpowerlifts.com\/es\/aviso-legal\/\" \/>\n<meta property=\"og:site_name\" content=\"Epic Power Lifts\" \/>\n<meta property=\"article:modified_time\" content=\"2025-06-06T11:06:02+00:00\" \/>\n<meta name=\"twitter:card\" content=\"summary_large_image\" \/>\n<meta name=\"twitter:label1\" content=\"Tiempo de lectura\" \/>\n\t<meta name=\"twitter:data1\" content=\"3 minutos\" \/>\n<script type=\"application\/ld+json\" class=\"yoast-schema-graph\">{\"@context\":\"https:\/\/schema.org\",\"@graph\":[{\"@type\":\"WebPage\",\"@id\":\"https:\/\/epicpowerlifts.com\/es\/aviso-legal\/\",\"url\":\"https:\/\/epicpowerlifts.com\/es\/aviso-legal\/\",\"name\":\"Aviso Legal y Privacidad - Epic Power Lifts\",\"isPartOf\":{\"@id\":\"https:\/\/epicpowerlifts.com\/es\/#website\"},\"datePublished\":\"2024-08-14T10:08:26+00:00\",\"dateModified\":\"2025-06-06T11:06:02+00:00\",\"breadcrumb\":{\"@id\":\"https:\/\/epicpowerlifts.com\/es\/aviso-legal\/#breadcrumb\"},\"inLanguage\":\"es\",\"potentialAction\":[{\"@type\":\"ReadAction\",\"target\":[\"https:\/\/epicpowerlifts.com\/es\/aviso-legal\/\"]}]},{\"@type\":\"BreadcrumbList\",\"@id\":\"https:\/\/epicpowerlifts.com\/es\/aviso-legal\/#breadcrumb\",\"itemListElement\":[{\"@type\":\"ListItem\",\"position\":1,\"name\":\"Epic Power LIfts\",\"item\":\"https:\/\/epicpowerlifts.com\/es\/\"},{\"@type\":\"ListItem\",\"position\":2,\"name\":\"Aviso Legal y Privacidad\"}]},{\"@type\":\"WebSite\",\"@id\":\"https:\/\/epicpowerlifts.com\/es\/#website\",\"url\":\"https:\/\/epicpowerlifts.com\/es\/\",\"name\":\"Epic Power Lifts\",\"description\":\"\",\"publisher\":{\"@id\":\"https:\/\/epicpowerlifts.com\/es\/#organization\"},\"potentialAction\":[{\"@type\":\"SearchAction\",\"target\":{\"@type\":\"EntryPoint\",\"urlTemplate\":\"https:\/\/epicpowerlifts.com\/es\/?s={search_term_string}\"},\"query-input\":{\"@type\":\"PropertyValueSpecification\",\"valueRequired\":true,\"valueName\":\"search_term_string\"}}],\"inLanguage\":\"es\"},{\"@type\":\"Organization\",\"@id\":\"https:\/\/epicpowerlifts.com\/es\/#organization\",\"name\":\"Epic Power Lifts\",\"url\":\"https:\/\/epicpowerlifts.com\/es\/\",\"logo\":{\"@type\":\"ImageObject\",\"inLanguage\":\"es\",\"@id\":\"https:\/\/epicpowerlifts.com\/es\/#\/schema\/logo\/image\/\",\"url\":\"https:\/\/epicpowerlifts.com\/wp-content\/uploads\/2024\/10\/logo-epic-lifts.svg\",\"contentUrl\":\"https:\/\/epicpowerlifts.com\/wp-content\/uploads\/2024\/10\/logo-epic-lifts.svg\",\"width\":338,\"height\":67,\"caption\":\"Epic Power Lifts\"},\"image\":{\"@id\":\"https:\/\/epicpowerlifts.com\/es\/#\/schema\/logo\/image\/\"}}]}<\/script>\n<!-- \/ Yoast SEO plugin. -->","yoast_head_json":{"title":"Aviso Legal y Privacidad - Epic Power Lifts","robots":{"index":"index","follow":"follow","max-snippet":"max-snippet:-1","max-image-preview":"max-image-preview:large","max-video-preview":"max-video-preview:-1"},"canonical":"https:\/\/epicpowerlifts.com\/es\/aviso-legal\/","og_locale":"es_ES","og_type":"article","og_title":"Aviso Legal y Privacidad - Epic Power Lifts","og_description":"Informaci\u00f3n General del sitio Web Para dar cumplimiento a lo establecido en la Ley 34\/2002 de 11 de julio, de Servicios de la Sociedad de la Informaci\u00f3n y de Comercio Electr\u00f3nico (LSSICE), a continuaci\u00f3n, se indican los datos de informaci\u00f3n general del sitio web www.epicpower.esRaz\u00f3n social: EPIC POWER CONVERTERS, S.L. N.I.F.: B- 99349623 Inscrita en [&hellip;]","og_url":"https:\/\/epicpowerlifts.com\/es\/aviso-legal\/","og_site_name":"Epic Power Lifts","article_modified_time":"2025-06-06T11:06:02+00:00","twitter_card":"summary_large_image","twitter_misc":{"Tiempo de lectura":"3 minutos"},"schema":{"@context":"https:\/\/schema.org","@graph":[{"@type":"WebPage","@id":"https:\/\/epicpowerlifts.com\/es\/aviso-legal\/","url":"https:\/\/epicpowerlifts.com\/es\/aviso-legal\/","name":"Aviso Legal y Privacidad - Epic Power Lifts","isPartOf":{"@id":"https:\/\/epicpowerlifts.com\/es\/#website"},"datePublished":"2024-08-14T10:08:26+00:00","dateModified":"2025-06-06T11:06:02+00:00","breadcrumb":{"@id":"https:\/\/epicpowerlifts.com\/es\/aviso-legal\/#breadcrumb"},"inLanguage":"es","potentialAction":[{"@type":"ReadAction","target":["https:\/\/epicpowerlifts.com\/es\/aviso-legal\/"]}]},{"@type":"BreadcrumbList","@id":"https:\/\/epicpowerlifts.com\/es\/aviso-legal\/#breadcrumb","itemListElement":[{"@type":"ListItem","position":1,"name":"Epic Power LIfts","item":"https:\/\/epicpowerlifts.com\/es\/"},{"@type":"ListItem","position":2,"name":"Aviso Legal y Privacidad"}]},{"@type":"WebSite","@id":"https:\/\/epicpowerlifts.com\/es\/#website","url":"https:\/\/epicpowerlifts.com\/es\/","name":"Epic Power Lifts","description":"","publisher":{"@id":"https:\/\/epicpowerlifts.com\/es\/#organization"},"potentialAction":[{"@type":"SearchAction","target":{"@type":"EntryPoint","urlTemplate":"https:\/\/epicpowerlifts.com\/es\/?s={search_term_string}"},"query-input":{"@type":"PropertyValueSpecification","valueRequired":true,"valueName":"search_term_string"}}],"inLanguage":"es"},{"@type":"Organization","@id":"https:\/\/epicpowerlifts.com\/es\/#organization","name":"Epic Power Lifts","url":"https:\/\/epicpowerlifts.com\/es\/","logo":{"@type":"ImageObject","inLanguage":"es","@id":"https:\/\/epicpowerlifts.com\/es\/#\/schema\/logo\/image\/","url":"https:\/\/epicpowerlifts.com\/wp-content\/uploads\/2024\/10\/logo-epic-lifts.svg","contentUrl":"https:\/\/epicpowerlifts.com\/wp-content\/uploads\/2024\/10\/logo-epic-lifts.svg","width":338,"height":67,"caption":"Epic Power Lifts"},"image":{"@id":"https:\/\/epicpowerlifts.com\/es\/#\/schema\/logo\/image\/"}}]}},"_links":{"self":[{"href":"https:\/\/epicpowerlifts.com\/es\/wp-json\/wp\/v2\/pages\/314","targetHints":{"allow":["GET"]}}],"collection":[{"href":"https:\/\/epicpowerlifts.com\/es\/wp-json\/wp\/v2\/pages"}],"about":[{"href":"https:\/\/epicpowerlifts.com\/es\/wp-json\/wp\/v2\/types\/page"}],"author":[{"embeddable":true,"href":"https:\/\/epicpowerlifts.com\/es\/wp-json\/wp\/v2\/users\/1"}],"replies":[{"embeddable":true,"href":"https:\/\/epicpowerlifts.com\/es\/wp-json\/wp\/v2\/comments?post=314"}],"version-history":[{"count":0,"href":"https:\/\/epicpowerlifts.com\/es\/wp-json\/wp\/v2\/pages\/314\/revisions"}],"wp:attachment":[{"href":"https:\/\/epicpowerlifts.com\/es\/wp-json\/wp\/v2\/media?parent=314"}],"curies":[{"name":"wp","href":"https:\/\/api.w.org\/{rel}","templated":true}]}}