{"id":9,"date":"2024-07-22T14:45:55","date_gmt":"2024-07-22T12:45:55","guid":{"rendered":"https:\/\/epicpowerlifts.com\/?page_id=9"},"modified":"2026-02-04T13:21:50","modified_gmt":"2026-02-04T12:21:50","slug":"productos","status":"publish","type":"page","link":"https:\/\/epicpowerlifts.com\/es\/productos\/","title":{"rendered":"Productos y kits"},"content":{"rendered":"\n<div class=\"wp-block-group alignfull has-global-padding is-layout-constrained wp-block-group-is-layout-constrained\" style=\"margin-top:0;margin-bottom:0\">\n<div class=\"wp-block-cover alignfull\" style=\"padding-top:240px;padding-right:var(--wp--preset--spacing--30);padding-left:var(--wp--preset--spacing--30);min-height:740px;aspect-ratio:unset;\" id=\"hero\"><video class=\"wp-block-cover__video-background intrinsic-ignore\" autoplay muted loop playsinline src=\"https:\/\/epicpowerlifts.com\/wp-content\/uploads\/2024\/09\/video-productos.mp4\" data-object-fit=\"cover\"><\/video><span aria-hidden=\"true\" class=\"wp-block-cover__background has-primary-100-background-color has-background-dim-70 has-background-dim\"><\/span><div class=\"wp-block-cover__inner-container has-global-padding is-layout-constrained wp-container-core-cover-is-layout-cf431999 wp-block-cover-is-layout-constrained\">\n<div class=\"wp-block-group has-global-padding is-content-justification-left is-layout-constrained wp-container-core-group-is-layout-4f1f94f2 wp-block-group-is-layout-constrained\"><h1 class=\"wp-block-post-title\">Productos y kits<\/h1>\n\n\n<p class=\"has-heading-4-font-size\">Descubre las soluciones m\u00e1s innovadoras para la recuperaci\u00f3n y almacenamiento de energ\u00eda en ascensores<\/p>\n\n\n<div class=\"wp-block-post-excerpt\"><p class=\"wp-block-post-excerpt__excerpt\">Con nuestros sistemas, aprovechar\u00e1s al m\u00e1ximo la energ\u00eda para reducir significativamente el consumo el\u00e9ctrico, dispondr\u00e1s de opciones de alimentaci\u00f3n flexible adaptadas a cualquier situaci\u00f3n y garantizar\u00e1s una evacuaci\u00f3n segura en emergencias. <\/p><\/div><\/div>\n\n\n\n<div class=\"wp-block-group scroll-more is-nowrap is-layout-flex wp-container-core-group-is-layout-d4e1d367 wp-block-group-is-layout-flex\" style=\"margin-top:var(--wp--preset--spacing--60);margin-bottom:var(--wp--preset--spacing--60)\">\n<figure class=\"wp-block-image size-large\"><a href=\"#more\"><img loading=\"lazy\" decoding=\"async\" width=\"56\" height=\"57\" src=\"https:\/\/epicpowerlifts.com\/wp-content\/uploads\/2024\/08\/scroll-down.svg\" alt=\"\" class=\"wp-image-211\"\/><\/a><\/figure>\n\n\n\n<p class=\"has-small-font-size\">Descubre c\u00f3mo puedes transformar tu instalaciones con nuestras soluciones<\/p>\n<\/div>\n<\/div><\/div>\n<\/div>\n\n\n\n<div class=\"wp-block-group alignfull is-layout-flow wp-block-group-is-layout-flow\" style=\"margin-top:0;margin-bottom:0\">\n<div class=\"wp-block-group has-neutral-80-color has-text-color has-link-color has-small-font-size wp-elements-2b41e5248f31c3a96e56f5e28e98dedf has-global-padding is-layout-constrained wp-block-group-is-layout-constrained\" style=\"margin-top:0;margin-bottom:0;padding-top:0;padding-bottom:0;text-transform:uppercase\"><p><span><span><a href=\"https:\/\/epicpowerlifts.com\/es\/\">Epic Power LIfts<\/a><\/span><\/span><\/p>\n\n<\/div>\n\n\n\n<hr class=\"wp-block-separator alignfull has-text-color has-neutral-80-color has-alpha-channel-opacity has-neutral-80-background-color has-background is-style-wide\" style=\"margin-top:0;margin-bottom:var(--wp--preset--spacing--60)\"\/>\n<\/div>\n\n\n\n<div class=\"wp-block-columns is-layout-flex wp-container-core-columns-is-layout-66fad18a wp-block-columns-is-layout-flex\" id=\"more\">\n<div class=\"wp-block-column is-layout-flow wp-block-column-is-layout-flow\" style=\"flex-basis:40%\">\n<h2 class=\"wp-block-heading\">Soluciones que transforman la <mark style=\"background-color:rgba(0, 0, 0, 0)\" class=\"has-inline-color has-primary-color\">energ\u00eda en valor<\/mark><\/h2>\n\n\n\n<p>\u00bfBuscas una forma de reducir el consumo energ\u00e9tico de tus ascensores sin complicaciones? \u00bfNecesitas soluciones compatibles con cualquier instalaci\u00f3n y f\u00e1ciles de implementar?. Aqu\u00ed encontrar\u00e1s sistemas dise\u00f1ados para resolver tus principales retos:<br><\/p>\n<\/div>\n\n\n\n<div class=\"wp-block-column is-layout-flow wp-block-column-is-layout-flow\">\n<ul class=\"wp-block-list is-style-arrow-mini-separator-list\">\n<li><strong>Compatibilidad total:<\/strong> Se adaptan a cualquier ascensor, independientemente de la marca o antig\u00fcedad.<\/li>\n\n\n\n<li><strong>Eficiencia asegurada:<\/strong> Optimizan el uso de la energ\u00eda, ayud\u00e1ndote a reducir costos operativos.<\/li>\n\n\n\n<li><strong>Sostenibilidad al alcance:<\/strong> Contribuyen a disminuir el impacto medioambiental de tus proyectos.<\/li>\n\n\n\n<li><strong>Instalaci\u00f3n r\u00e1pida y sin complicaciones:<\/strong> Su dise\u00f1o Plug &amp; Play facilita su implementaci\u00f3n, ahorr\u00e1ndote tiempo y recursos.<\/li>\n<\/ul>\n<\/div>\n<\/div>\n\n\n\n<div class=\"wp-block-buttons is-layout-flex wp-block-buttons-is-layout-flex\">\n<div class=\"wp-block-button is-style-with-arrow\"><a class=\"wp-block-button__link wp-element-button\" href=\"#productos\">Descubre nuestros productos<\/a><\/div>\n<\/div>\n\n\n\n<hr class=\"wp-block-separator alignfull has-text-color has-neutral-60-color has-alpha-channel-opacity has-neutral-60-background-color has-background is-style-wide\" style=\"margin-top:var(--wp--preset--spacing--70);margin-bottom:var(--wp--preset--spacing--70)\"\/>\n\n\n\n<div id=\"productos\" class=\"wp-block-group has-global-padding is-layout-constrained wp-block-group-is-layout-constrained\" style=\"margin-top:var(--wp--preset--spacing--70);margin-bottom:var(--wp--preset--spacing--70)\"><div class=\"wp-block-query smn-page-grid\"><div class=\"wp-block-post smn-page-grid-item\"><div class=\"smn-page-grid-thumbnail\"><a href=\"https:\/\/epicpowerlifts.com\/es\/productos\/ers-sistema-recuperacion-energia\/\"><img loading=\"lazy\" decoding=\"async\" width=\"300\" height=\"300\" src=\"https:\/\/epicpowerlifts.com\/wp-content\/uploads\/2024\/12\/ERS_featured-300x300.png\" class=\"attachment-medium size-medium wp-post-image\" alt=\"Sistema de recuperaci\u00f3n de energ\u00eda ERS 2G para ascensores de epic power con almacenamiento en supercondensadores\" srcset=\"https:\/\/epicpowerlifts.com\/wp-content\/uploads\/2024\/12\/ERS_featured-300x300.png 300w, https:\/\/epicpowerlifts.com\/wp-content\/uploads\/2024\/12\/ERS_featured-1024x1024.png 1024w, https:\/\/epicpowerlifts.com\/wp-content\/uploads\/2024\/12\/ERS_featured-150x150.png 150w, https:\/\/epicpowerlifts.com\/wp-content\/uploads\/2024\/12\/ERS_featured-768x768.png 768w, https:\/\/epicpowerlifts.com\/wp-content\/uploads\/2024\/12\/ERS_featured.png 1080w\" sizes=\"auto, (max-width: 300px) 100vw, 300px\" \/><\/a><\/div><h2 class=\"smn-page-grid-title\"><a href=\"https:\/\/epicpowerlifts.com\/es\/productos\/ers-sistema-recuperacion-energia\/\">Sistema de recuperaci\u00f3n de energ\u00eda ERS<\/a><\/h2><div class=\"smn-page-grid-excerpt\"><p>Aprovecha toda la energ\u00eda que el ascensor genera en la frenada y ahorrar hasta un 64,8% en electricidad<\/p>\n<\/div><div class=\"wp-block-buttons is-layout-flex wp-block-buttons-is-layout-flex\"><div class=\"wp-block-button is-style-outline\"><a class=\"wp-block-button__link\" href=\"https:\/\/epicpowerlifts.com\/es\/productos\/ers-sistema-recuperacion-energia\/\">Seguir leyendo<\/a><\/div><div class=\"wp-block-button is-style-outline-with-arrow\"><a class=\"wp-block-button__link\" href=\"https:\/\/epicpowerlifts.com\/es\/contacto\/\">Solicitar informaci\u00f3n<\/a><\/div><\/div><\/div><div class=\"wp-block-post smn-page-grid-item\"><div class=\"smn-page-grid-thumbnail\"><a href=\"https:\/\/epicpowerlifts.com\/es\/productos\/p2s-sistema-de-alimentacion-monofasica\/\"><img loading=\"lazy\" decoding=\"async\" width=\"300\" height=\"300\" src=\"https:\/\/epicpowerlifts.com\/wp-content\/uploads\/2024\/12\/P2S_featured-300x300.png\" class=\"attachment-medium size-medium wp-post-image\" alt=\"Sistema de alimentaci\u00f3n monof\u00e1sica con almacenamiento en bater\u00edas para ascensores P2S de epic power lifts\" srcset=\"https:\/\/epicpowerlifts.com\/wp-content\/uploads\/2024\/12\/P2S_featured-300x300.png 300w, https:\/\/epicpowerlifts.com\/wp-content\/uploads\/2024\/12\/P2S_featured-1024x1024.png 1024w, https:\/\/epicpowerlifts.com\/wp-content\/uploads\/2024\/12\/P2S_featured-150x150.png 150w, https:\/\/epicpowerlifts.com\/wp-content\/uploads\/2024\/12\/P2S_featured-768x768.png 768w, https:\/\/epicpowerlifts.com\/wp-content\/uploads\/2024\/12\/P2S_featured.png 1080w\" sizes=\"auto, (max-width: 300px) 100vw, 300px\" \/><\/a><\/div><h2 class=\"smn-page-grid-title\"><a href=\"https:\/\/epicpowerlifts.com\/es\/productos\/p2s-sistema-de-alimentacion-monofasica\/\">Sistema de alimentaci\u00f3n monof\u00e1sica P2S<\/a><\/h2><div class=\"smn-page-grid-excerpt\"><p>Convierte un ascensor trif\u00e1sico en monof\u00e1sico sin acometer grandes inversiones<\/p>\n<\/div><div class=\"wp-block-buttons is-layout-flex wp-block-buttons-is-layout-flex\"><div class=\"wp-block-button is-style-outline\"><a class=\"wp-block-button__link\" href=\"https:\/\/epicpowerlifts.com\/es\/productos\/p2s-sistema-de-alimentacion-monofasica\/\">Seguir leyendo<\/a><\/div><div class=\"wp-block-button is-style-outline-with-arrow\"><a class=\"wp-block-button__link\" href=\"https:\/\/epicpowerlifts.com\/es\/contacto\/\">Solicitar informaci\u00f3n<\/a><\/div><\/div><\/div><div class=\"wp-block-post smn-page-grid-item\"><div class=\"smn-page-grid-thumbnail\"><a href=\"https:\/\/epicpowerlifts.com\/es\/productos\/e3-sistema-de-evacuacion-de-emergencia\/\"><img loading=\"lazy\" decoding=\"async\" width=\"300\" height=\"300\" src=\"https:\/\/epicpowerlifts.com\/wp-content\/uploads\/2024\/12\/E3_featured-300x300.png\" class=\"attachment-medium size-medium wp-post-image\" alt=\"Sistema de evacuaci\u00f3n de emergencia para ascensores de epic power lifts\" srcset=\"https:\/\/epicpowerlifts.com\/wp-content\/uploads\/2024\/12\/E3_featured-300x300.png 300w, https:\/\/epicpowerlifts.com\/wp-content\/uploads\/2024\/12\/E3_featured-1024x1024.png 1024w, https:\/\/epicpowerlifts.com\/wp-content\/uploads\/2024\/12\/E3_featured-150x150.png 150w, https:\/\/epicpowerlifts.com\/wp-content\/uploads\/2024\/12\/E3_featured-768x768.png 768w, https:\/\/epicpowerlifts.com\/wp-content\/uploads\/2024\/12\/E3_featured.png 1080w\" sizes=\"auto, (max-width: 300px) 100vw, 300px\" \/><\/a><\/div><h2 class=\"smn-page-grid-title\"><a href=\"https:\/\/epicpowerlifts.com\/es\/productos\/e3-sistema-de-evacuacion-de-emergencia\/\">epic evacuation equipment \u2013 e3<\/a><\/h2><div class=\"smn-page-grid-excerpt\"><p>Sistema de alimentaci\u00f3n auxiliar espec\u00edfico para ascensores.<\/p>\n<\/div><div class=\"wp-block-buttons is-layout-flex wp-block-buttons-is-layout-flex\"><div class=\"wp-block-button is-style-outline\"><a class=\"wp-block-button__link\" href=\"https:\/\/epicpowerlifts.com\/es\/productos\/e3-sistema-de-evacuacion-de-emergencia\/\">Seguir leyendo<\/a><\/div><div class=\"wp-block-button is-style-outline-with-arrow\"><a class=\"wp-block-button__link\" href=\"https:\/\/epicpowerlifts.com\/es\/contacto\/\">Solicitar informaci\u00f3n<\/a><\/div><\/div><\/div><div class=\"wp-block-post smn-page-grid-item\"><div class=\"smn-page-grid-thumbnail\"><a href=\"https:\/\/epicpowerlifts.com\/es\/productos\/hiss-sistema-de-alimentacion-inteligente-para-homelifts\/\"><img loading=\"lazy\" decoding=\"async\" width=\"300\" height=\"300\" src=\"https:\/\/epicpowerlifts.com\/wp-content\/uploads\/2024\/12\/HISS_featured-300x300.png\" class=\"attachment-medium size-medium wp-post-image\" alt=\"Sistema alimentaci\u00f3n inteligente para homelifts HISS de epic power lifts\" srcset=\"https:\/\/epicpowerlifts.com\/wp-content\/uploads\/2024\/12\/HISS_featured-300x300.png 300w, https:\/\/epicpowerlifts.com\/wp-content\/uploads\/2024\/12\/HISS_featured-1024x1024.png 1024w, https:\/\/epicpowerlifts.com\/wp-content\/uploads\/2024\/12\/HISS_featured-150x150.png 150w, https:\/\/epicpowerlifts.com\/wp-content\/uploads\/2024\/12\/HISS_featured-768x768.png 768w, https:\/\/epicpowerlifts.com\/wp-content\/uploads\/2024\/12\/HISS_featured.png 1080w\" sizes=\"auto, (max-width: 300px) 100vw, 300px\" \/><\/a><\/div><h2 class=\"smn-page-grid-title\"><a href=\"https:\/\/epicpowerlifts.com\/es\/productos\/hiss-sistema-de-alimentacion-inteligente-para-homelifts\/\">Sistema de alimentaci\u00f3n inteligente para homelifts HISS<\/a><\/h2><div class=\"smn-page-grid-excerpt\"><p>Mantiene las m\u00e1ximas prestaciones, reduce el consumo, y aumenta la eficiencia de home lifts el\u00e9ctricos con HISS<\/p>\n<\/div><div class=\"wp-block-buttons is-layout-flex wp-block-buttons-is-layout-flex\"><div class=\"wp-block-button is-style-outline\"><a class=\"wp-block-button__link\" href=\"https:\/\/epicpowerlifts.com\/es\/productos\/hiss-sistema-de-alimentacion-inteligente-para-homelifts\/\">Seguir leyendo<\/a><\/div><div class=\"wp-block-button is-style-outline-with-arrow\"><a class=\"wp-block-button__link\" href=\"https:\/\/epicpowerlifts.com\/es\/contacto\/\">Solicitar informaci\u00f3n<\/a><\/div><\/div><\/div><\/div>\n<\/div>\n\n\n\n<div class=\"wp-block-cover alignfull has-background-color has-text-color has-link-color wp-elements-95d5082cf449e19cdd8e798816c0d064\" style=\"padding-top:var(--wp--preset--spacing--70);padding-bottom:var(--wp--preset--spacing--70);min-height:100px;aspect-ratio:unset;\"><span aria-hidden=\"true\" class=\"wp-block-cover__background has-primary-80-background-color has-background-dim\"><\/span><img loading=\"lazy\" decoding=\"async\" width=\"1920\" height=\"1358\" class=\"wp-block-cover__image-background wp-image-1211\" alt=\"\" src=\"https:\/\/epicpowerlifts.com\/wp-content\/uploads\/2024\/10\/ascensores-prescriptor.jpg\" data-object-fit=\"cover\" srcset=\"https:\/\/epicpowerlifts.com\/wp-content\/uploads\/2024\/10\/ascensores-prescriptor.jpg 1920w, https:\/\/epicpowerlifts.com\/wp-content\/uploads\/2024\/10\/ascensores-prescriptor-300x212.jpg 300w, https:\/\/epicpowerlifts.com\/wp-content\/uploads\/2024\/10\/ascensores-prescriptor-1024x724.jpg 1024w, https:\/\/epicpowerlifts.com\/wp-content\/uploads\/2024\/10\/ascensores-prescriptor-768x543.jpg 768w, https:\/\/epicpowerlifts.com\/wp-content\/uploads\/2024\/10\/ascensores-prescriptor-1536x1086.jpg 1536w\" sizes=\"auto, (max-width: 1920px) 100vw, 1920px\" \/><div class=\"wp-block-cover__inner-container has-global-padding is-layout-constrained wp-block-cover-is-layout-constrained\">\n<div class=\"wp-block-columns are-vertically-aligned-center is-layout-flex wp-container-core-columns-is-layout-28f84493 wp-block-columns-is-layout-flex\">\n<div class=\"wp-block-column is-vertically-aligned-center is-layout-flow wp-block-column-is-layout-flow\" style=\"flex-basis:400px\">\n<p class=\"has-small-font-size\" style=\"text-transform:uppercase\">Casos de \u00e9xito<\/p>\n\n\n\n<h2 class=\"wp-block-heading\" style=\"margin-top:var(--wp--preset--spacing--10)\">Soluciones de producto <strong>integradas<\/strong><\/h2>\n<\/div>\n\n\n\n<div class=\"wp-block-column is-layout-flow wp-block-column-is-layout-flow\"><\/div>\n\n\n\n<div class=\"wp-block-column is-vertically-aligned-center is-layout-flow wp-block-column-is-layout-flow\">\n<div class=\"wp-block-buttons is-content-justification-center is-layout-flex wp-container-core-buttons-is-layout-a89b3969 wp-block-buttons-is-layout-flex\">\n<div class=\"wp-block-button is-style-outline-with-arrow\"><a class=\"wp-block-button__link wp-element-button\" href=\"https:\/\/epicpowerlifts.com\/es\/casos-de-exito\/\" style=\"padding-top:var(--wp--preset--spacing--10);padding-bottom:var(--wp--preset--spacing--10)\">Ver casos de \u00e9xito<\/a><\/div>\n<\/div>\n<\/div>\n<\/div>\n<\/div><\/div>\n","protected":false},"excerpt":{"rendered":"<p>Con nuestros sistemas, aprovechar\u00e1s al m\u00e1ximo la energ\u00eda para reducir significativamente el consumo el\u00e9ctrico, dispondr\u00e1s de opciones de alimentaci\u00f3n flexible adaptadas a cualquier situaci\u00f3n y garantizar\u00e1s una evacuaci\u00f3n segura en emergencias.<\/p>\n","protected":false},"author":1,"featured_media":0,"parent":0,"menu_order":0,"comment_status":"closed","ping_status":"closed","template":"wp-custom-template-no-hero","meta":{"_acf_changed":false,"footnotes":""},"class_list":["post-9","page","type-page","status-publish","hentry"],"acf":[],"yoast_head":"<!-- This site is optimized with the Yoast SEO plugin v27.0 - https:\/\/yoast.com\/product\/yoast-seo-wordpress\/ -->\n<title>Soluciones para ascensores - Epic Power Lifts<\/title>\n<meta name=\"description\" content=\"Soluciones para ascensores. Descubre las soluciones m\u00e1s innovadoras para la recuperaci\u00f3n y almacenamiento de energ\u00eda en ascensores.\" \/>\n<meta name=\"robots\" content=\"index, follow, max-snippet:-1, max-image-preview:large, max-video-preview:-1\" \/>\n<link rel=\"canonical\" href=\"https:\/\/epicpowerlifts.com\/es\/productos\/\" \/>\n<meta property=\"og:locale\" content=\"es_ES\" \/>\n<meta property=\"og:type\" content=\"article\" \/>\n<meta property=\"og:title\" content=\"Soluciones para ascensores - Epic Power Lifts\" \/>\n<meta property=\"og:description\" content=\"Soluciones para ascensores. Descubre las soluciones m\u00e1s innovadoras para la recuperaci\u00f3n y almacenamiento de energ\u00eda en ascensores.\" \/>\n<meta property=\"og:url\" content=\"https:\/\/epicpowerlifts.com\/es\/productos\/\" \/>\n<meta property=\"og:site_name\" content=\"Epic Power Lifts\" \/>\n<meta property=\"article:modified_time\" content=\"2026-02-04T12:21:50+00:00\" \/>\n<meta name=\"twitter:card\" content=\"summary_large_image\" \/>\n<meta name=\"twitter:label1\" content=\"Tiempo de lectura\" \/>\n\t<meta name=\"twitter:data1\" content=\"3 minutos\" \/>\n<script type=\"application\/ld+json\" class=\"yoast-schema-graph\">{\"@context\":\"https:\/\/schema.org\",\"@graph\":[{\"@type\":\"WebPage\",\"@id\":\"https:\/\/epicpowerlifts.com\/es\/productos\/\",\"url\":\"https:\/\/epicpowerlifts.com\/es\/productos\/\",\"name\":\"Soluciones para ascensores - Epic Power Lifts\",\"isPartOf\":{\"@id\":\"https:\/\/epicpowerlifts.com\/es\/#website\"},\"primaryImageOfPage\":{\"@id\":\"https:\/\/epicpowerlifts.com\/es\/productos\/#primaryimage\"},\"image\":{\"@id\":\"https:\/\/epicpowerlifts.com\/es\/productos\/#primaryimage\"},\"thumbnailUrl\":\"https:\/\/epicpowerlifts.com\/wp-content\/uploads\/2024\/08\/scroll-down.svg\",\"datePublished\":\"2024-07-22T12:45:55+00:00\",\"dateModified\":\"2026-02-04T12:21:50+00:00\",\"description\":\"Soluciones para ascensores. Descubre las soluciones m\u00e1s innovadoras para la recuperaci\u00f3n y almacenamiento de energ\u00eda en ascensores.\",\"breadcrumb\":{\"@id\":\"https:\/\/epicpowerlifts.com\/es\/productos\/#breadcrumb\"},\"inLanguage\":\"es\",\"potentialAction\":[{\"@type\":\"ReadAction\",\"target\":[\"https:\/\/epicpowerlifts.com\/es\/productos\/\"]}]},{\"@type\":\"ImageObject\",\"inLanguage\":\"es\",\"@id\":\"https:\/\/epicpowerlifts.com\/es\/productos\/#primaryimage\",\"url\":\"https:\/\/epicpowerlifts.com\/wp-content\/uploads\/2024\/08\/scroll-down.svg\",\"contentUrl\":\"https:\/\/epicpowerlifts.com\/wp-content\/uploads\/2024\/08\/scroll-down.svg\"},{\"@type\":\"BreadcrumbList\",\"@id\":\"https:\/\/epicpowerlifts.com\/es\/productos\/#breadcrumb\",\"itemListElement\":[{\"@type\":\"ListItem\",\"position\":1,\"name\":\"Epic Power LIfts\",\"item\":\"https:\/\/epicpowerlifts.com\/es\/\"},{\"@type\":\"ListItem\",\"position\":2,\"name\":\"Productos y kits\"}]},{\"@type\":\"WebSite\",\"@id\":\"https:\/\/epicpowerlifts.com\/es\/#website\",\"url\":\"https:\/\/epicpowerlifts.com\/es\/\",\"name\":\"Epic Power Lifts\",\"description\":\"\",\"publisher\":{\"@id\":\"https:\/\/epicpowerlifts.com\/es\/#organization\"},\"potentialAction\":[{\"@type\":\"SearchAction\",\"target\":{\"@type\":\"EntryPoint\",\"urlTemplate\":\"https:\/\/epicpowerlifts.com\/es\/?s={search_term_string}\"},\"query-input\":{\"@type\":\"PropertyValueSpecification\",\"valueRequired\":true,\"valueName\":\"search_term_string\"}}],\"inLanguage\":\"es\"},{\"@type\":\"Organization\",\"@id\":\"https:\/\/epicpowerlifts.com\/es\/#organization\",\"name\":\"Epic Power Lifts\",\"url\":\"https:\/\/epicpowerlifts.com\/es\/\",\"logo\":{\"@type\":\"ImageObject\",\"inLanguage\":\"es\",\"@id\":\"https:\/\/epicpowerlifts.com\/es\/#\/schema\/logo\/image\/\",\"url\":\"https:\/\/epicpowerlifts.com\/wp-content\/uploads\/2024\/10\/logo-epic-lifts.svg\",\"contentUrl\":\"https:\/\/epicpowerlifts.com\/wp-content\/uploads\/2024\/10\/logo-epic-lifts.svg\",\"width\":338,\"height\":67,\"caption\":\"Epic Power Lifts\"},\"image\":{\"@id\":\"https:\/\/epicpowerlifts.com\/es\/#\/schema\/logo\/image\/\"}}]}<\/script>\n<!-- \/ Yoast SEO plugin. -->","yoast_head_json":{"title":"Soluciones para ascensores - Epic Power Lifts","description":"Soluciones para ascensores. Descubre las soluciones m\u00e1s innovadoras para la recuperaci\u00f3n y almacenamiento de energ\u00eda en ascensores.","robots":{"index":"index","follow":"follow","max-snippet":"max-snippet:-1","max-image-preview":"max-image-preview:large","max-video-preview":"max-video-preview:-1"},"canonical":"https:\/\/epicpowerlifts.com\/es\/productos\/","og_locale":"es_ES","og_type":"article","og_title":"Soluciones para ascensores - Epic Power Lifts","og_description":"Soluciones para ascensores. Descubre las soluciones m\u00e1s innovadoras para la recuperaci\u00f3n y almacenamiento de energ\u00eda en ascensores.","og_url":"https:\/\/epicpowerlifts.com\/es\/productos\/","og_site_name":"Epic Power Lifts","article_modified_time":"2026-02-04T12:21:50+00:00","twitter_card":"summary_large_image","twitter_misc":{"Tiempo de lectura":"3 minutos"},"schema":{"@context":"https:\/\/schema.org","@graph":[{"@type":"WebPage","@id":"https:\/\/epicpowerlifts.com\/es\/productos\/","url":"https:\/\/epicpowerlifts.com\/es\/productos\/","name":"Soluciones para ascensores - Epic Power Lifts","isPartOf":{"@id":"https:\/\/epicpowerlifts.com\/es\/#website"},"primaryImageOfPage":{"@id":"https:\/\/epicpowerlifts.com\/es\/productos\/#primaryimage"},"image":{"@id":"https:\/\/epicpowerlifts.com\/es\/productos\/#primaryimage"},"thumbnailUrl":"https:\/\/epicpowerlifts.com\/wp-content\/uploads\/2024\/08\/scroll-down.svg","datePublished":"2024-07-22T12:45:55+00:00","dateModified":"2026-02-04T12:21:50+00:00","description":"Soluciones para ascensores. Descubre las soluciones m\u00e1s innovadoras para la recuperaci\u00f3n y almacenamiento de energ\u00eda en ascensores.","breadcrumb":{"@id":"https:\/\/epicpowerlifts.com\/es\/productos\/#breadcrumb"},"inLanguage":"es","potentialAction":[{"@type":"ReadAction","target":["https:\/\/epicpowerlifts.com\/es\/productos\/"]}]},{"@type":"ImageObject","inLanguage":"es","@id":"https:\/\/epicpowerlifts.com\/es\/productos\/#primaryimage","url":"https:\/\/epicpowerlifts.com\/wp-content\/uploads\/2024\/08\/scroll-down.svg","contentUrl":"https:\/\/epicpowerlifts.com\/wp-content\/uploads\/2024\/08\/scroll-down.svg"},{"@type":"BreadcrumbList","@id":"https:\/\/epicpowerlifts.com\/es\/productos\/#breadcrumb","itemListElement":[{"@type":"ListItem","position":1,"name":"Epic Power LIfts","item":"https:\/\/epicpowerlifts.com\/es\/"},{"@type":"ListItem","position":2,"name":"Productos y kits"}]},{"@type":"WebSite","@id":"https:\/\/epicpowerlifts.com\/es\/#website","url":"https:\/\/epicpowerlifts.com\/es\/","name":"Epic Power Lifts","description":"","publisher":{"@id":"https:\/\/epicpowerlifts.com\/es\/#organization"},"potentialAction":[{"@type":"SearchAction","target":{"@type":"EntryPoint","urlTemplate":"https:\/\/epicpowerlifts.com\/es\/?s={search_term_string}"},"query-input":{"@type":"PropertyValueSpecification","valueRequired":true,"valueName":"search_term_string"}}],"inLanguage":"es"},{"@type":"Organization","@id":"https:\/\/epicpowerlifts.com\/es\/#organization","name":"Epic Power Lifts","url":"https:\/\/epicpowerlifts.com\/es\/","logo":{"@type":"ImageObject","inLanguage":"es","@id":"https:\/\/epicpowerlifts.com\/es\/#\/schema\/logo\/image\/","url":"https:\/\/epicpowerlifts.com\/wp-content\/uploads\/2024\/10\/logo-epic-lifts.svg","contentUrl":"https:\/\/epicpowerlifts.com\/wp-content\/uploads\/2024\/10\/logo-epic-lifts.svg","width":338,"height":67,"caption":"Epic Power Lifts"},"image":{"@id":"https:\/\/epicpowerlifts.com\/es\/#\/schema\/logo\/image\/"}}]}},"_links":{"self":[{"href":"https:\/\/epicpowerlifts.com\/es\/wp-json\/wp\/v2\/pages\/9","targetHints":{"allow":["GET"]}}],"collection":[{"href":"https:\/\/epicpowerlifts.com\/es\/wp-json\/wp\/v2\/pages"}],"about":[{"href":"https:\/\/epicpowerlifts.com\/es\/wp-json\/wp\/v2\/types\/page"}],"author":[{"embeddable":true,"href":"https:\/\/epicpowerlifts.com\/es\/wp-json\/wp\/v2\/users\/1"}],"replies":[{"embeddable":true,"href":"https:\/\/epicpowerlifts.com\/es\/wp-json\/wp\/v2\/comments?post=9"}],"version-history":[{"count":6,"href":"https:\/\/epicpowerlifts.com\/es\/wp-json\/wp\/v2\/pages\/9\/revisions"}],"predecessor-version":[{"id":3282,"href":"https:\/\/epicpowerlifts.com\/es\/wp-json\/wp\/v2\/pages\/9\/revisions\/3282"}],"wp:attachment":[{"href":"https:\/\/epicpowerlifts.com\/es\/wp-json\/wp\/v2\/media?parent=9"}],"curies":[{"name":"wp","href":"https:\/\/api.w.org\/{rel}","templated":true}]}}